{"id":35154,"date":"2024-06-11T19:07:59","date_gmt":"2024-06-11T19:07:59","guid":{"rendered":"https:\/\/tillalways.com\/a-propos-de-nous\/"},"modified":"2025-05-02T08:08:14","modified_gmt":"2025-05-02T08:08:14","slug":"a-propos-de-nous","status":"publish","type":"page","link":"https:\/\/tillalways.com\/fr\/a-propos-de-nous\/","title":{"rendered":"A propos de nous"},"content":{"rendered":"\t\t<div data-elementor-type=\"wp-page\" data-elementor-id=\"35154\" class=\"elementor elementor-35154 elementor-34654\">\n\t\t\t\t<div class=\"elementor-element elementor-element-b3b8169 e-flex e-con-boxed e-con e-parent\" data-id=\"b3b8169\" data-element_type=\"container\">\n\t\t\t\t\t<div class=\"e-con-inner\">\n\t\t<div class=\"elementor-element elementor-element-9438519 e-flex e-con-boxed e-con e-child\" data-id=\"9438519\" data-element_type=\"container\">\n\t\t\t\t\t<div class=\"e-con-inner\">\n\t\t<div class=\"elementor-element elementor-element-0cb0b42 e-flex e-con-boxed e-con e-child\" data-id=\"0cb0b42\" data-element_type=\"container\">\n\t\t\t\t\t<div class=\"e-con-inner\">\n\t\t\t\t<div class=\"elementor-element elementor-element-3c786a4 elementor-widget elementor-widget-heading\" data-id=\"3c786a4\" data-element_type=\"widget\" data-widget_type=\"heading.default\">\n\t\t\t\t<div class=\"elementor-widget-container\">\n\t\t\t<h1 class=\"elementor-heading-title elementor-size-default\">A propos de nous<\/h1>\t\t<\/div>\n\t\t\t\t<\/div>\n\t\t\t\t<div class=\"elementor-element elementor-element-0288cae elementor-widget elementor-widget-text-editor\" data-id=\"0288cae\" data-element_type=\"widget\" data-widget_type=\"text-editor.default\">\n\t\t\t\t<div class=\"elementor-widget-container\">\n\t\t\t\t\t\t\t<p>Till Always a \u00e9t\u00e9 fond\u00e9e en 2012 en Belgique dans le but d&rsquo;aider \u00e0 pr\u00e9server \u00e0 jamais la m\u00e9moire de nos proches disparus. Nous garantissons que vos souvenirs seront stock\u00e9s sur notre plateforme avec soin et respect. Cette garantie s&rsquo;applique aujourd&rsquo;hui et \u00e0 l&rsquo;avenir.  <\/p>\n\t\t\t\t\t\t<\/div>\n\t\t\t\t<\/div>\n\t\t\t\t\t<\/div>\n\t\t\t\t<\/div>\n\t\t\t\t\t<\/div>\n\t\t\t\t<\/div>\n\t\t<div class=\"elementor-element elementor-element-b21b867 e-flex e-con-boxed e-con e-child\" data-id=\"b21b867\" data-element_type=\"container\">\n\t\t\t\t\t<div class=\"e-con-inner\">\n\t\t<div class=\"elementor-element elementor-element-cdbb475 e-flex e-con-boxed e-con e-child\" data-id=\"cdbb475\" data-element_type=\"container\">\n\t\t\t\t\t<div class=\"e-con-inner\">\n\t\t\t\t<div class=\"elementor-element elementor-element-fb43470 elementor-widget elementor-widget-heading\" data-id=\"fb43470\" data-element_type=\"widget\" data-widget_type=\"heading.default\">\n\t\t\t\t<div class=\"elementor-widget-container\">\n\t\t\t<h1 class=\"elementor-heading-title elementor-size-default\">L'\u00e9quipe<\/h1>\t\t<\/div>\n\t\t\t\t<\/div>\n\t\t\t\t<div class=\"elementor-element elementor-element-5937521 elementor-widget elementor-widget-text-editor\" data-id=\"5937521\" data-element_type=\"widget\" data-widget_type=\"text-editor.default\">\n\t\t\t\t<div class=\"elementor-widget-container\">\n\t\t\t\t\t\t\t<p>Nous sommes une petite \u00e9quipe d\u00e9vou\u00e9e \u00e0 Till Always, passionn\u00e9e par la mise \u00e0 disposition d&rsquo;un espace s\u00e9curis\u00e9 et bienveillant pour pr\u00e9server les souvenirs. Avec un engagement commun pour honorer la vie des \u00eatres chers, nous travaillons sans rel\u00e2che pour que vos souvenirs soient ch\u00e9ris et prot\u00e9g\u00e9s pour les g\u00e9n\u00e9rations \u00e0 venir. <\/p>\n\t\t\t\t\t\t<\/div>\n\t\t\t\t<\/div>\n\t\t\t\t\t<\/div>\n\t\t\t\t<\/div>\n\t\t\t\t\t<\/div>\n\t\t\t\t<\/div>\n\t\t\t\t\t<\/div>\n\t\t\t\t<\/div>\n\t\t\t\t<\/div>\n\t\t","protected":false},"excerpt":{"rendered":"<p>A propos de nous Till Always a \u00e9t\u00e9 fond\u00e9e en 2012 en Belgique dans le but d&rsquo;aider \u00e0 pr\u00e9server \u00e0 jamais la m\u00e9moire de nos proches disparus. Nous garantissons que vos souvenirs seront stock\u00e9s sur notre plateforme avec soin et respect. Cette garantie s&rsquo;applique aujourd&rsquo;hui et \u00e0 l&rsquo;avenir. L&rsquo;\u00e9quipe Nous sommes une petite \u00e9quipe d\u00e9vou\u00e9e [&hellip;]<\/p>\n","protected":false},"author":1,"featured_media":0,"parent":0,"menu_order":0,"comment_status":"closed","ping_status":"closed","template":"","meta":{"footnotes":""},"class_list":["post-35154","page","type-page","status-publish","hentry"],"_links":{"self":[{"href":"https:\/\/tillalways.com\/fr\/wp-json\/wp\/v2\/pages\/35154","targetHints":{"allow":["GET"]}}],"collection":[{"href":"https:\/\/tillalways.com\/fr\/wp-json\/wp\/v2\/pages"}],"about":[{"href":"https:\/\/tillalways.com\/fr\/wp-json\/wp\/v2\/types\/page"}],"author":[{"embeddable":true,"href":"https:\/\/tillalways.com\/fr\/wp-json\/wp\/v2\/users\/1"}],"replies":[{"embeddable":true,"href":"https:\/\/tillalways.com\/fr\/wp-json\/wp\/v2\/comments?post=35154"}],"version-history":[{"count":0,"href":"https:\/\/tillalways.com\/fr\/wp-json\/wp\/v2\/pages\/35154\/revisions"}],"wp:attachment":[{"href":"https:\/\/tillalways.com\/fr\/wp-json\/wp\/v2\/media?parent=35154"}],"curies":[{"name":"wp","href":"https:\/\/api.w.org\/{rel}","templated":true}]}}