{"id":35114,"date":"2024-02-24T16:47:55","date_gmt":"2024-02-24T16:47:55","guid":{"rendered":"https:\/\/tillalways.com\/conditions-dutilisation\/"},"modified":"2024-08-06T17:02:24","modified_gmt":"2024-08-06T17:02:24","slug":"conditions-dutilisation","status":"publish","type":"page","link":"https:\/\/tillalways.com\/fr\/conditions-dutilisation\/","title":{"rendered":"Conditions d&rsquo;utilisation"},"content":{"rendered":"\t\t<div data-elementor-type=\"wp-page\" data-elementor-id=\"35114\" class=\"elementor elementor-35114 elementor-92\">\n\t\t\t\t<div class=\"elementor-element elementor-element-b3b8169 e-flex e-con-boxed e-con e-parent\" data-id=\"b3b8169\" data-element_type=\"container\">\n\t\t\t\t\t<div class=\"e-con-inner\">\n\t\t<div class=\"elementor-element elementor-element-9438519 e-flex e-con-boxed e-con e-child\" data-id=\"9438519\" data-element_type=\"container\">\n\t\t\t\t\t<div class=\"e-con-inner\">\n\t\t\t\t<div class=\"elementor-element elementor-element-3c786a4 elementor-widget elementor-widget-heading\" data-id=\"3c786a4\" data-element_type=\"widget\" data-widget_type=\"heading.default\">\n\t\t\t\t<div class=\"elementor-widget-container\">\n\t\t\t<h1 class=\"elementor-heading-title elementor-size-default\">Conditions d'utilisation<\/h1>\t\t<\/div>\n\t\t\t\t<\/div>\n\t\t\t\t<div class=\"elementor-element elementor-element-0288cae elementor-widget elementor-widget-text-editor\" data-id=\"0288cae\" data-element_type=\"widget\" data-widget_type=\"text-editor.default\">\n\t\t\t\t<div class=\"elementor-widget-container\">\n\t\t\t\t\t\t\t<p class=\"long\">Derni\u00e8re modification : 11 juin 2024<\/p>\n<p class=\"long\">Till Always est une plateforme qui sauvegarde les souvenirs de vos proches ou de vous-m\u00eame.<br \/>\nNous vous remercions d&rsquo;utiliser et de visiter Till Always.<br \/>\nLes pr\u00e9sentes conditions de service (les \u00a0\u00bb Conditions \u00ab\u00a0) r\u00e9gissent votre acc\u00e8s et votre utilisation des sites Web et des services de Till Always (\u00a0\u00bb nous \u00a0\u00bb ou \u00a0\u00bb notre \u00ab\u00a0) (les \u00a0\u00bb Services \u00ab\u00a0) ; veuillez donc les lire attentivement avant d&rsquo;utiliser les Services ou de visiter notre plateforme.  <\/p>\n<p class=\"long\">En utilisant les services ou en visitant notre plateforme, vous acceptez d&rsquo;\u00eatre li\u00e9 par les pr\u00e9sentes conditions.<br \/>\nSi vous utilisez les services au nom d&rsquo;une organisation, vous acceptez les pr\u00e9sentes conditions au nom de cette organisation et vous promettez d&rsquo;avoir l&rsquo;autorit\u00e9 n\u00e9cessaire pour lier cette organisation \u00e0 ces conditions.<br \/>\nDans ce cas, les termes \u00ab\u00a0vous\u00a0\u00bb et \u00ab\u00a0votre\u00a0\u00bb feront r\u00e9f\u00e9rence \u00e0 cette organisation.  <\/p>\n<p class=\"long\">Vous ne pouvez utiliser les services qu&rsquo;en conformit\u00e9 avec les pr\u00e9sentes conditions.<br \/>\nVous ne pouvez utiliser les Services que si vous avez le pouvoir de conclure un contrat avec Till Always et si aucune loi applicable ne vous en emp\u00eache.<br \/>\nLes Services peuvent continuer \u00e0 changer au fil du temps, \u00e0 mesure que nous les perfectionnons et que nous y ajoutons d&rsquo;autres caract\u00e9ristiques.<br \/>\nNous pouvons modifier les Services en tout temps et sans pr\u00e9avis.<br \/>\nNous pouvons \u00e9galement retirer tout contenu de nos Services \u00e0 notre discr\u00e9tion.    <\/p>\n<h2>Vos donn\u00e9es et votre vie priv\u00e9e<\/h2>\n<p class=\"long\">L&rsquo;utilisation de nos Services signifie que vous nous fournissez des informations et des fichiers, des images, des vid\u00e9os, &#8230; que vous soumettez \u00e0 Till Always (ensemble, \u00a0\u00bb vos donn\u00e9es \u00ab\u00a0).<br \/>\nVous conservez l&rsquo;enti\u00e8re propri\u00e9t\u00e9 de vos donn\u00e9es.<br \/>\nNous ne revendiquons aucun droit de propri\u00e9t\u00e9 sur celles-ci.<br \/>\nLes pr\u00e9sentes Conditions ne nous accordent aucun droit sur vos donn\u00e9es ou votre propri\u00e9t\u00e9 intellectuelle, \u00e0 l&rsquo;exception des droits limit\u00e9s n\u00e9cessaires \u00e0 l&rsquo;exploitation des Services, tel qu&rsquo;expliqu\u00e9 ci-dessous.   <\/p>\n<p class=\"long\">Il se peut que nous ayons besoin de votre autorisation pour faire ce que vous nous demandez avec vos donn\u00e9es, par exemple h\u00e9berger vos donn\u00e9es ou les partager selon vos instructions.<br \/>\nIl s&rsquo;agit notamment des caract\u00e9ristiques des produits qui vous sont visibles, par exemple les vignettes d&rsquo;images ou les aper\u00e7us de documents.<br \/>\nCela inclut \u00e9galement les choix de conception que nous faisons pour administrer techniquement nos services, par exemple la fa\u00e7on dont nous sauvegardons les donn\u00e9es de mani\u00e8re redondante pour les garder en s\u00e9curit\u00e9.<br \/>\nVous nous donnez les autorisations dont nous avons besoin pour faire ces choses uniquement dans le but de fournir les services.<br \/>\nCette autorisation s&rsquo;\u00e9tend \u00e9galement aux tiers de confiance avec lesquels nous travaillons pour fournir les services, par exemple Amazon, qui fournit notre espace de stockage (l\u00e0 encore, uniquement pour fournir les services).    <\/p>\n<p class=\"long\">Vous \u00eates seul responsable de votre conduite, du contenu de vos donn\u00e9es et de votre communication avec les autres lors de l&rsquo;utilisation des services.<br \/>\nPar exemple, il vous incombe de vous assurer que vous disposez des droits ou des autorisations n\u00e9cessaires pour vous conformer aux pr\u00e9sentes conditions. <\/p>\n<p class=\"long\">Nous pouvons choisir d&rsquo;examiner le contenu public pour s&rsquo;assurer qu&rsquo;il est conforme \u00e0 nos directives communautaires, mais vous reconnaissez que Till Always n&rsquo;a aucune obligation de surveiller l&rsquo;information sur les Services.<br \/>\nNous ne sommes pas responsables de l&rsquo;exactitude, de l&rsquo;exhaustivit\u00e9, de la pertinence ou de la l\u00e9galit\u00e9 des fichiers, des messages d&rsquo;utilisateurs, des photos, des condol\u00e9ances ou de toute autre information \u00e0 laquelle vous pouvez acc\u00e9der par l&rsquo;entremise des Services. <\/p>\n<h2>Partager vos donn\u00e9es<\/h2>\n<p class=\"long\">Les services proposent des fonctions qui vous permettent de partager vos donn\u00e9es avec d&rsquo;autres personnes ou de les rendre publiques.<br \/>\nLes utilisateurs peuvent faire beaucoup de choses avec ces donn\u00e9es (par exemple, les copier, les modifier, les partager \u00e0 nouveau).<br \/>\nR\u00e9fl\u00e9chissez bien \u00e0 ce que vous choisissez de partager ou de rendre public.<br \/>\nTill Always n&rsquo;accepte aucune responsabilit\u00e9 pour ces activit\u00e9s.   <\/p>\n<h2>Vos responsabilit\u00e9s<\/h2>\n<p class=\"long\">Les fichiers et autres contenus des services peuvent \u00eatre prot\u00e9g\u00e9s par des droits de propri\u00e9t\u00e9 intellectuelle d&rsquo;autrui ou n\u00e9cessiter l&rsquo;autorisation de votre famille ou de vos proches pour pouvoir \u00eatre utilis\u00e9s ou publi\u00e9s.<br \/>\nVeuillez ne pas copier, t\u00e9l\u00e9charger ou partager des fichiers si vous n&rsquo;en avez pas le droit.<br \/>\nC&rsquo;est vous, et non Till Always, qui serez enti\u00e8rement responsable de ce que vous copiez, partagez, t\u00e9l\u00e9chargez ou utilisez de toute autre mani\u00e8re dans le cadre des Services.<br \/>\nVous ne devez pas t\u00e9l\u00e9charger de logiciels espions ou d&rsquo;autres logiciels malveillants vers le Service.   <\/p>\n<p class=\"long\">C&rsquo;est vous, et non Till Always, qui \u00eates responsable de la conservation et de la protection de toutes vos donn\u00e9es.<br \/>\nTill Always n&rsquo;est pas responsable de la perte ou de la corruption de vos donn\u00e9es, ni des co\u00fbts ou d\u00e9penses associ\u00e9s \u00e0 la sauvegarde ou \u00e0 la restauration de vos donn\u00e9es. <\/p>\n<p class=\"long\">Si vos coordonn\u00e9es ou d&rsquo;autres informations relatives \u00e0 votre compte changent, vous devez nous en informer rapidement et maintenir vos informations \u00e0 jour.<br \/>\nLes services ne sont pas destin\u00e9s \u00e0 \u00eatre utilis\u00e9s par les personnes \u00e2g\u00e9es de moins de 14 ans.<br \/>\nEn acceptant ces conditions, vous confirmez que vous avez plus de 14 ans.  <\/p>\n<h2>S\u00e9curit\u00e9 du compte<\/h2>\n<p class=\"long\">Vous \u00eates responsable de la protection du mot de passe que vous utilisez pour acc\u00e9der aux services et vous acceptez de ne pas divulguer votre mot de passe \u00e0 un tiers.<br \/>\nVous \u00eates responsable de toute activit\u00e9 utilisant votre compte, que vous ayez ou non autoris\u00e9 cette activit\u00e9.<br \/>\nVous devez imm\u00e9diatement informer Till Always de toute utilisation non autoris\u00e9e de votre compte.<br \/>\nVous reconnaissez que si vous souhaitez prot\u00e9ger la transmission de donn\u00e9es ou de fichiers \u00e0 Till Always, il vous incombe d&rsquo;utiliser une connexion s\u00e9curis\u00e9e et chiffr\u00e9e pour communiquer avec les Services.   <\/p>\n<h2>Jusqu&rsquo;\u00e0 toujours Propri\u00e9t\u00e9 et retour d&rsquo;information<\/h2>\n<p class=\"long\">Les pr\u00e9sentes conditions ne vous conf\u00e8rent aucun droit, titre ou int\u00e9r\u00eat sur les services, le logiciel ou le contenu des services.<br \/>\nBien que nous appr\u00e9cions que les utilisateurs nous fassent part de leurs r\u00e9actions, sachez que nous pouvons utiliser les r\u00e9actions, commentaires ou suggestions que vous nous envoyez ou que vous publiez dans nos forums sans aucune obligation \u00e0 votre \u00e9gard.<br \/>\nLe logiciel et les autres technologies que nous utilisons pour fournir les services sont prot\u00e9g\u00e9s par des droits d&rsquo;auteur, des marques commerciales et d&rsquo;autres lois.<br \/>\nLes pr\u00e9sentes Conditions ne vous accordent aucun droit d&rsquo;utilisation des marques, logos, noms de domaine ou autres caract\u00e9ristiques de la marque Till Always.   <\/p>\n<h2>Politique d&rsquo;utilisation acceptable<\/h2>\n<p class=\"long\">Vous n&rsquo;utiliserez pas, et ne tenterez pas d&rsquo;utiliser les Services de mani\u00e8re abusive et vous n&rsquo;utiliserez les Services que d&rsquo;une mani\u00e8re conforme \u00e0 la politique d&rsquo;utilisation acceptable de Till Always :<\/p>\n<ul class=\"long\">\n<li>sonder, scanner ou tester la vuln\u00e9rabilit\u00e9 d&rsquo;un syst\u00e8me ou d&rsquo;un r\u00e9seau ;<\/li>\n<li>violer ou contourner de quelque mani\u00e8re que ce soit toute mesure de s\u00e9curit\u00e9 ou d&rsquo;authentification ;<\/li>\n<li>acc\u00e9der aux zones non publiques du Service, aux zones partag\u00e9es du Service auxquelles vous n&rsquo;avez pas \u00e9t\u00e9 invit\u00e9, aux syst\u00e8mes informatiques de Till Always (ou de nos prestataires de services), les falsifier ou les utiliser ;<\/li>\n<li>interf\u00e9rer avec ou perturber un utilisateur, un h\u00f4te ou un r\u00e9seau, par exemple en envoyant un virus, en surchargeant, en inondant, en envoyant des spams ou en bombardant de courriers toute partie des services ;<\/li>\n<li>planter des logiciels malveillants ou utiliser les services pour distribuer des logiciels malveillants ;<\/li>\n<li>d&rsquo;acc\u00e9der aux services ou d&rsquo;y effectuer des recherches par d&rsquo;autres moyens que nos interfaces support\u00e9es par le public (par exemple, le \u00ab\u00a0scraping\u00a0\u00bb) ;<\/li>\n<li>envoyer des communications, des promotions ou des publicit\u00e9s non sollicit\u00e9es, ou du spam ;<\/li>\n<li>envoyer des informations d&rsquo;identification de la source modifi\u00e9es, trompeuses ou fausses, y compris par \u00ab\u00a0spoofing\u00a0\u00bb ou \u00ab\u00a0phishing\u00a0\u00bb ;<\/li>\n<li>publier quoi que ce soit de frauduleux, de trompeur ou qui porte atteinte aux droits d&rsquo;autrui ;<\/li>\n<li>promouvoir ou faire la publicit\u00e9 de produits ou de services autres que les v\u00f4tres sans autorisation appropri\u00e9e ;<\/li>\n<li>usurper l&rsquo;identit\u00e9 d&rsquo;une personne ou d&rsquo;une entit\u00e9 ou repr\u00e9senter faussement votre affiliation \u00e0 une personne ou \u00e0 une entit\u00e9 ;<\/li>\n<li>abuser de Till Always referrals pour obtenir plus de cr\u00e9dit que ce qui est m\u00e9rit\u00e9 ;<\/li>\n<li>publier ou partager du mat\u00e9riel ill\u00e9galement pornographique ou ind\u00e9cent, ou faisant l&rsquo;apologie du sectarisme, de la haine religieuse, raciale ou ethnique ;<\/li>\n<li>enfreindre la loi de quelque mani\u00e8re que ce soit, violer la vie priv\u00e9e d&rsquo;autrui ou diffamer autrui.<\/li>\n<li>publier des contenus nuisibles, inappropri\u00e9s ou ill\u00e9gaux sous forme de profil, de souvenirs ou de condol\u00e9ances<\/li>\n<li>publier des informations erron\u00e9es ou fausses<\/li>\n<li>publier des informations ou des donn\u00e9es ill\u00e9gales ou contraires \u00e0 la l\u00e9gislation<\/li>\n<\/ul>\n<h2>Droit d&rsquo;auteur<\/h2>\n<p class=\"long\">Till Always respecte la propri\u00e9t\u00e9 intellectuelle d&rsquo;autrui et vous demande de faire de m\u00eame.<br \/>\nNous r\u00e9pondrons aux avis de violation pr\u00e9sum\u00e9e des droits d&rsquo;auteur s&rsquo;ils sont conformes \u00e0 la loi et s&rsquo;ils nous sont envoy\u00e9s en bonne et due forme.<br \/>\nNous nous r\u00e9servons le droit de supprimer ou de d\u00e9sactiver le contenu pr\u00e9sum\u00e9 contrefaisant et de mettre fin aux activit\u00e9s des contrefacteurs r\u00e9cidivistes.<br \/>\nNotre agent d\u00e9sign\u00e9 pour notifier une infraction pr\u00e9sum\u00e9e au droit d&rsquo;auteur sur les Services est : Till Always bvba info@Till Always.com.<br \/>\nVous pouvez signaler une violation des droits d&rsquo;auteur en envoyant un courriel \u00e0 info@tillalways.com en mentionnant la violation comme sujet et vous recevrez nos br\u00e8ves instructions de signalement.    <\/p>\n<h2>Autre contenu<\/h2>\n<p class=\"long\">Les services peuvent contenir des liens vers des sites Web ou des ressources de tiers.<br \/>\nTill Always n&rsquo;endosse pas la disponibilit\u00e9, l&rsquo;exactitude, le contenu connexe, les produits ou les services de ces sites et n&rsquo;en est pas responsable.<br \/>\nVous \u00eates seul responsable de l&rsquo;utilisation que vous faites de ces sites Web ou ressources.<br \/>\nDe plus, si nous vous fournissons un logiciel en vertu d&rsquo;une licence de source ouverte, il se peut que certaines dispositions de cette licence soient en conflit avec les pr\u00e9sentes conditions, auquel cas les dispositions de la licence de source ouverte s&rsquo;appliqueront.   <\/p>\n<h2>Cessation d&rsquo;activit\u00e9<\/h2>\n<p class=\"long\">Nous nous r\u00e9servons le droit de suspendre ou de mettre fin aux services \u00e0 tout moment, avec ou sans motif et avec ou sans pr\u00e9avis.<br \/>\nPar exemple, nous pouvons suspendre ou mettre fin \u00e0 votre utilisation si vous ne respectez pas les pr\u00e9sentes conditions ou si vous utilisez les services d&rsquo;une mani\u00e8re susceptible d&rsquo;engager notre responsabilit\u00e9 juridique ou de perturber l&rsquo;utilisation des services par d&rsquo;autres personnes.<br \/>\nSi nous suspendons ou mettons fin \u00e0 votre utilisation, nous essaierons de vous en informer \u00e0 l&rsquo;avance et de vous aider \u00e0 r\u00e9cup\u00e9rer les donn\u00e9es, bien que dans certains cas (par exemple, violation r\u00e9p\u00e9t\u00e9e ou flagrante des pr\u00e9sentes conditions, d\u00e9cision de justice ou danger pour les autres utilisateurs), nous puissions suspendre l&rsquo;utilisation des services avec effet imm\u00e9diat.  <\/p>\n<h2>Till Always est disponible \u00ab\u00a0AS-IS\u00a0\u00bb (tel quel)<\/h2>\n<p class=\"long\">Bien que nous souhaitions fournir un service de qualit\u00e9, nous ne pouvons pas garantir certains aspects du service.<br \/>\nPar exemple, les services et le logiciel sont fournis \u00ab\u00a0en l&rsquo;\u00e9tat\u00a0\u00bb, \u00e0 vos risques et p\u00e9rils, sans garantie ou condition expresse ou implicite de quelque nature que ce soit.<br \/>\nNOUS D\u00c9CLINONS \u00c9GALEMENT TOUTE GARANTIE DE QUALIT\u00c9 MARCHANDE, D&rsquo;AD\u00c9QUATION \u00c0 UN USAGE PARTICULIER OU D&rsquo;ABSENCE DE CONTREFA\u00c7ON.<br \/>\nTill Always n&rsquo;accepte aucune responsabilit\u00e9 pour tout dommage caus\u00e9 \u00e0 votre syst\u00e8me informatique, perte ou corruption de donn\u00e9es, ou tout autre dommage r\u00e9sultant de votre acc\u00e8s ou de votre utilisation des Services ou du Logiciel.   <\/p>\n<h2>Conditions de tarification<\/h2>\n<p class=\"long\">Till Always vous offre la possibilit\u00e9 d&rsquo;essayer la plateforme gratuitement pendant trois mois.<br \/>\nUn paiement unique de 60 euros prolongera l&rsquo;utilisation de notre service Till Always apr\u00e8s cette p\u00e9riode d&rsquo;essai.<br \/>\nTill Always accepte les cartes de cr\u00e9dit et d\u00e9bitera automatiquement 60 euros de votre carte de cr\u00e9dit apr\u00e8s la p\u00e9riode d&rsquo;essai de trois mois.<br \/>\nVous pouvez annuler votre paiement pendant la p\u00e9riode d&rsquo;essai, mais ce faisant, le service Till Always prendra fin pour vos donn\u00e9es.<br \/>\nChaque profil est soumis \u00e0 des limites de stockage d\u00e9crites sur la plate-forme.<br \/>\nDes codes promotionnels peuvent \u00eatre utilis\u00e9s.<br \/>\nTous les frais et charges ne sont pas remboursables et il n&rsquo;y a pas de remboursement ou de cr\u00e9dit.      <\/p>\n<h2>Limitation de la responsabilit\u00e9<\/h2>\n<p class=\"long\">DANS TOUTE LA MESURE PERMISE PAR LA LOI, EN AUCUN CAS Till Always, SES AFFILI\u00c9S, OFFICIELS, EMPLOY\u00c9S, AGENTS, FOURNISSEURS OU LICENCIES NE SERONT RESPONSABLES DE<br \/>\n(A) TOUT DOMMAGE INDIRECT, SP\u00c9CIAL, INCIDENT, PUNITIF, EXEMPLAIRE OU CONS\u00c9QUENTIEL (Y COMPRIS LA PERTE D&rsquo;UTILISATION, DE DONN\u00c9ES, D&rsquo;AFFAIRES OU DE PROFITS), QUELLE QUE SOIT LA TH\u00c9ORIE JURIDIQUE, QUE Till Always AIT \u00c9T\u00c9 AVERTI OU NON DE LA POSSIBILIT\u00c9 DE TELS DOMMAGES ET M\u00caME SI UN RECOURS \u00c9CHOUIT \u00c0 SON OBJECTIF ESSENTIEL ;<br \/>\n(B) LA RESPONSABILIT\u00c9 GLOBALE POUR TOUTES LES R\u00c9CLAMATIONS RELATIVES AUX SERVICES EST SUP\u00c9RIEURE AU PLUS \u00c9LEV\u00c9 DES MONTANTS suivants : 20 \u20ac ou les montants que vous avez pay\u00e9s \u00e0 Till Always au cours des TROIS DERNIERS MOIS pour les services en question.<br \/>\nTill Always ne peut \u00eatre tenue responsable des dommages dus \u00e0 la force majeure et au mauvais fonctionnement g\u00e9n\u00e9ral (temporaire) du service.   <\/p>\n<h2>Modifications<\/h2>\n<p class=\"long\">Nous pouvons r\u00e9viser les pr\u00e9sentes conditions de temps \u00e0 autre et la version la plus r\u00e9cente sera toujours publi\u00e9e sur notre site web.<br \/>\nNous vous informerons si une r\u00e9vision, \u00e0 notre seule discr\u00e9tion, est importante (par exemple par courrier \u00e9lectronique \u00e0 l&rsquo;adresse associ\u00e9e \u00e0 votre compte).<br \/>\nD&rsquo;autres modifications peuvent \u00eatre publi\u00e9es sur notre page des conditions g\u00e9n\u00e9rales, veuillez donc consulter ces pages r\u00e9guli\u00e8rement.<br \/>\nEn continuant \u00e0 acc\u00e9der aux services ou \u00e0 les utiliser apr\u00e8s l&rsquo;entr\u00e9e en vigueur des r\u00e9visions, vous acceptez d&rsquo;\u00eatre li\u00e9 par les conditions r\u00e9vis\u00e9es.<br \/>\nVeuillez cesser d&rsquo;utiliser les services si vous n&rsquo;acceptez pas les nouvelles conditions.    <\/p>\n<h2>Termes juridiques divers<\/h2>\n<p class=\"long\">CES CONDITIONS ET L&rsquo;UTILISATION DES SERVICES ET DU LOGICIEL SERONT R\u00c9GIES PAR LE PALAIS DE JUSTICE ET LA LOI D&rsquo;ANVERS.<br \/>\nTOUTES LES R\u00c9CLAMATIONS D\u00c9COULANT DES PR\u00c9SENTES CONDITIONS, DES SERVICES OU DU LOGICIEL, OU S&rsquo;Y RAPPORTANT, DOIVENT \u00caTRE PORT\u00c9ES EXCLUSIVEMENT DEVANT LES TRIBUNAUX D&rsquo;ANVERS, QUI RECONNAISSENT LEUR COMP\u00c9TENCE PERSONNELLE.<br \/>\nLes pr\u00e9sentes conditions constituent l&rsquo;entente int\u00e9grale et exclusive entre vous et Till Always en ce qui concerne les services et elles annulent et remplacent toutes les autres ententes, modalit\u00e9s et conditions applicables aux services.<br \/>\nLes pr\u00e9sentes conditions ne cr\u00e9ent aucun droit de tiers b\u00e9n\u00e9ficiaire.<br \/>\nLe fait pour Till Always de ne pas appliquer une disposition ne constitue pas une renonciation \u00e0 son droit de le faire ult\u00e9rieurement.<br \/>\nSi une disposition est jug\u00e9e inapplicable, les autres dispositions de l&rsquo;Entente demeureront en vigueur et une disposition applicable y sera substitu\u00e9e, refl\u00e9tant le plus fid\u00e8lement possible notre intention.<br \/>\nVous ne pouvez c\u00e9der aucun de vos droits en vertu des pr\u00e9sentes conditions et toute tentative en ce sens est nulle, mais Till Always peut c\u00e9der ses droits \u00e0 l&rsquo;une ou l&rsquo;autre de ses soci\u00e9t\u00e9s affili\u00e9es ou filiales, ou \u00e0 tout successeur dans l&rsquo;int\u00e9r\u00eat de toute entreprise associ\u00e9e aux services.<br \/>\nTill Always et vous n&rsquo;\u00eates pas des partenaires ou des agents l\u00e9gaux ; notre relation est plut\u00f4t celle d&rsquo;entrepreneurs ind\u00e9pendants.       <\/p>\n\t\t\t\t\t\t<\/div>\n\t\t\t\t<\/div>\n\t\t\t\t\t<\/div>\n\t\t\t\t<\/div>\n\t\t\t\t\t<\/div>\n\t\t\t\t<\/div>\n\t\t\t\t<\/div>\n\t\t","protected":false},"excerpt":{"rendered":"<p>Conditions d&rsquo;utilisation Derni\u00e8re modification : 11 juin 2024 Till Always est une plateforme qui sauvegarde les souvenirs de vos proches ou de vous-m\u00eame. Nous vous remercions d&rsquo;utiliser et de visiter Till Always. Les pr\u00e9sentes conditions de service (les \u00a0\u00bb Conditions \u00ab\u00a0) r\u00e9gissent votre acc\u00e8s et votre utilisation des sites Web et des services de Till [&hellip;]<\/p>\n","protected":false},"author":1,"featured_media":0,"parent":0,"menu_order":0,"comment_status":"closed","ping_status":"closed","template":"","meta":{"footnotes":""},"class_list":["post-35114","page","type-page","status-publish","hentry"],"_links":{"self":[{"href":"https:\/\/tillalways.com\/fr\/wp-json\/wp\/v2\/pages\/35114","targetHints":{"allow":["GET"]}}],"collection":[{"href":"https:\/\/tillalways.com\/fr\/wp-json\/wp\/v2\/pages"}],"about":[{"href":"https:\/\/tillalways.com\/fr\/wp-json\/wp\/v2\/types\/page"}],"author":[{"embeddable":true,"href":"https:\/\/tillalways.com\/fr\/wp-json\/wp\/v2\/users\/1"}],"replies":[{"embeddable":true,"href":"https:\/\/tillalways.com\/fr\/wp-json\/wp\/v2\/comments?post=35114"}],"version-history":[{"count":0,"href":"https:\/\/tillalways.com\/fr\/wp-json\/wp\/v2\/pages\/35114\/revisions"}],"wp:attachment":[{"href":"https:\/\/tillalways.com\/fr\/wp-json\/wp\/v2\/media?parent=35114"}],"curies":[{"name":"wp","href":"https:\/\/api.w.org\/{rel}","templated":true}]}}