{"id":35107,"date":"2024-02-24T16:42:08","date_gmt":"2024-02-24T16:42:08","guid":{"rendered":"https:\/\/tillalways.com\/vie-privee\/"},"modified":"2024-08-06T17:02:24","modified_gmt":"2024-08-06T17:02:24","slug":"vie-privee","status":"publish","type":"page","link":"https:\/\/tillalways.com\/fr\/vie-privee\/","title":{"rendered":"Vie priv\u00e9e"},"content":{"rendered":"\t\t<div data-elementor-type=\"wp-page\" data-elementor-id=\"35107\" class=\"elementor elementor-35107 elementor-87\">\n\t\t\t\t<div class=\"elementor-element elementor-element-b3b8169 e-flex e-con-boxed e-con e-parent\" data-id=\"b3b8169\" data-element_type=\"container\">\n\t\t\t\t\t<div class=\"e-con-inner\">\n\t\t<div class=\"elementor-element elementor-element-9438519 e-flex e-con-boxed e-con e-child\" data-id=\"9438519\" data-element_type=\"container\">\n\t\t\t\t\t<div class=\"e-con-inner\">\n\t\t\t\t<div class=\"elementor-element elementor-element-3c786a4 elementor-widget elementor-widget-heading\" data-id=\"3c786a4\" data-element_type=\"widget\" data-widget_type=\"heading.default\">\n\t\t\t\t<div class=\"elementor-widget-container\">\n\t\t\t<h1 class=\"elementor-heading-title elementor-size-default\">Vie priv\u00e9e<\/h1>\t\t<\/div>\n\t\t\t\t<\/div>\n\t\t\t\t<div class=\"elementor-element elementor-element-0288cae elementor-widget elementor-widget-text-editor\" data-id=\"0288cae\" data-element_type=\"widget\" data-widget_type=\"text-editor.default\">\n\t\t\t\t<div class=\"elementor-widget-container\">\n\t\t\t\t\t\t\t<p class=\"long\">Derni\u00e8re modification : 11 juin 2024<\/p>\n<p class=\"long\">La pr\u00e9sente politique de confidentialit\u00e9 d\u00e9crit nos politiques et proc\u00e9dures en mati\u00e8re de collecte, d&rsquo;utilisation et de divulgation de vos renseignements.<br \/>\nLes utilisateurs peuvent acc\u00e9der au service Till Always (le \u00a0\u00bb Service \u00ab\u00a0) par l&rsquo;entremise de notre site Web www.Till Always.com, d&rsquo;applications sur les appareils, d&rsquo;API et de tierces parties.<br \/>\nUn \u00a0\u00bb appareil \u00a0\u00bb est tout ordinateur utilis\u00e9 pour acc\u00e9der au service Till Always, y compris, mais sans s&rsquo;y limiter, un ordinateur de bureau, un ordinateur portable, un t\u00e9l\u00e9phone mobile, une tablette ou tout autre appareil \u00e9lectronique grand public.<br \/>\nLa pr\u00e9sente politique de confidentialit\u00e9 r\u00e9git votre acc\u00e8s au Service Till Always, peu importe la fa\u00e7on dont vous y acc\u00e9dez. En utilisant nos Services, vous consentez \u00e0 la collecte, au transfert, au traitement, au stockage, \u00e0 la divulgation et aux autres utilisations d\u00e9crites dans la pr\u00e9sente politique de confidentialit\u00e9.<br \/>\nLes diff\u00e9rentes formes de donn\u00e9es, de contenu et d&rsquo;informations d\u00e9crites ci-dessous sont collectivement d\u00e9sign\u00e9es par le terme \u00a0\u00bb informations \u00ab\u00a0.    <\/p>\n<h2>1. Les informations que nous recueillons et stockons<\/h2>\n<p class=\"long\">Nous pouvons recueillir et stocker les informations suivantes dans le cadre de l&rsquo;exploitation du service Till Always :<\/p>\n<p class=\"long\">Informations que vous fournissez.<br \/>\nNous recueillons certaines informations personnelles lorsque vous cr\u00e9ez un compte, telles que votre nom, votre num\u00e9ro de t\u00e9l\u00e9phone, votre adresse \u00e9lectronique et vos adresses postale et professionnelle.<br \/>\nVous pouvez \u00e9galement nous demander d&rsquo;importer vos contacts en nous donnant acc\u00e8s \u00e0 vos services de tiers (par exemple, votre compte de courrier \u00e9lectronique) ou d&rsquo;utiliser vos informations de r\u00e9seaux sociaux si vous nous donnez acc\u00e8s \u00e0 votre compte sur les services de connexion aux r\u00e9seaux sociaux.<br \/>\nLorsque vous invitez d&rsquo;autres personnes \u00e0 rejoindre Till Always en utilisant notre page de parrainage, nous leur envoyons un e-mail unique pour ce parrainage.<br \/>\nVous pouvez \u00e9galement nous fournir les adresses \u00e9lectroniques de vos contacts lorsque vous partagez des dossiers ou des fichiers avec eux.<br \/>\nNous pouvons \u00e9galement recevoir des renseignements personnels (par exemple, votre adresse \u00e9lectronique) par l&rsquo;interm\u00e9diaire d&rsquo;autres utilisateurs, par exemple s&rsquo;ils ont essay\u00e9 de partager quelque chose avec vous ou de vous recommander Till Always.     <\/p>\n<p class=\"long\">Fichiers.<br \/>\nNous collectons et stockons les fichiers que vous chargez, t\u00e9l\u00e9chargez ou auxquels vous acc\u00e9dez par l&rsquo;interm\u00e9diaire du service Till Always (\u00ab\u00a0fichiers\u00a0\u00bb). <\/p>\n<p class=\"long\">Donn\u00e9es de connexion.<br \/>\nLorsque vous utilisez le service, nous enregistrons automatiquement des informations provenant de votre appareil, de son logiciel et de votre activit\u00e9 sur le service.<br \/>\nIl peut s&rsquo;agir de l&rsquo;adresse IP de l&rsquo;appareil, du type de navigateur, de la page web visit\u00e9e avant d&rsquo;arriver sur notre site web, des informations que vous recherchez sur notre site web, des pr\u00e9f\u00e9rences locales, des num\u00e9ros d&rsquo;identification associ\u00e9s \u00e0 vos appareils, de votre op\u00e9rateur de t\u00e9l\u00e9phonie mobile, des horodatages associ\u00e9s aux transactions, des informations de configuration du syst\u00e8me, des m\u00e9tadonn\u00e9es concernant vos fichiers et d&rsquo;autres interactions avec le service.  <\/p>\n<p class=\"long\">Cookies.<br \/>\nNous utilisons \u00e9galement des \u00ab\u00a0cookies\u00a0\u00bb pour collecter des informations et am\u00e9liorer nos services.<br \/>\nUn cookie est un petit fichier de donn\u00e9es que nous transf\u00e9rons sur votre appareil.<br \/>\nNous pouvons utiliser des \u00ab\u00a0cookies persistants\u00a0\u00bb pour sauvegarder votre identifiant d&rsquo;enregistrement et votre mot de passe de connexion pour les connexions ult\u00e9rieures au service.<br \/>\nNous pouvons utiliser des \u00ab\u00a0cookies d&rsquo;identification de session\u00a0\u00bb pour activer certaines fonctions du service, pour mieux comprendre comment vous interagissez avec le service et pour surveiller l&rsquo;utilisation globale et l&rsquo;acheminement du trafic web sur le service.<br \/>\nVous pouvez demander \u00e0 votre navigateur, en modifiant ses options, de ne plus accepter les cookies ou de vous demander d&rsquo;accepter un cookie provenant des sites web que vous visitez.<br \/>\nToutefois, si vous n&rsquo;acceptez pas les cookies, il se peut que vous ne puissiez pas utiliser tous les aspects du service.      <\/p>\n<h2>2. Comment nous utilisons les informations personnelles<\/h2>\n<p class=\"long\">Informations personnelles.<br \/>\nNous pouvons collecter des informations personnelles qui peuvent \u00eatre utilis\u00e9es pour vous contacter ou vous identifier (\u00ab\u00a0informations personnelles\u00a0\u00bb) au cours de l&rsquo;utilisation du service.<br \/>\nLes informations personnelles sont ou peuvent \u00eatre utilis\u00e9es<br \/>\n(i) pour fournir et am\u00e9liorer notre service,<br \/>\n(ii) pour g\u00e9rer votre utilisation du service,<br \/>\n(iii) pour mieux comprendre vos besoins et vos int\u00e9r\u00eats,<br \/>\n(iv) pour personnaliser et am\u00e9liorer votre exp\u00e9rience et<br \/>\n(v) fournir ou proposer des mises \u00e0 jour de logiciels et des annonces de produits.<br \/>\nSi vous ne souhaitez plus recevoir de communications de notre part, veuillez suivre les instructions de \u00ab\u00a0d\u00e9sinscription\u00a0\u00bb fournies dans l&rsquo;une de ces communications ou mettre \u00e0 jour les informations de param\u00e9trage de votre compte.        <\/p>\n<p class=\"long\">Informations de g\u00e9olocalisation.<br \/>\nCertains appareils permettent aux applications d&rsquo;acc\u00e9der \u00e0 des informations de g\u00e9olocalisation en temps r\u00e9el (par exemple, GPS).<br \/>\nNos applications mobiles ne recueillent pas de telles informations \u00e0 partir de votre appareil mobile \u00e0 tout moment lorsque vous t\u00e9l\u00e9chargez ou utilisez nos applications mobiles \u00e0 la date d&rsquo;entr\u00e9e en vigueur de la pr\u00e9sente politique, mais elles pourraient le faire \u00e0 l&rsquo;avenir avec votre consentement afin d&rsquo;am\u00e9liorer nos services.<br \/>\nCertaines photos et vid\u00e9os que vous placez dans Till Always peuvent contenir des informations de localisation enregistr\u00e9es.<br \/>\nNous pouvons utiliser ces informations pour optimiser votre exp\u00e9rience.<br \/>\nSi vous ne souhaitez pas partager avec nous des fichiers contenant vos informations de g\u00e9olocalisation, veuillez ne pas les t\u00e9l\u00e9charger.<br \/>\nSi vous ne souhaitez pas stocker des donn\u00e9es de localisation dans vos photos ou vid\u00e9os, veuillez consulter la documentation de votre appareil photo pour d\u00e9sactiver cette fonction.<br \/>\nPar ailleurs, certaines des informations que nous collectons \u00e0 partir d&rsquo;un appareil, par exemple l&rsquo;adresse IP, peuvent parfois \u00eatre utilis\u00e9es pour d\u00e9terminer approximativement l&#8217;emplacement d&rsquo;un appareil.       <\/p>\n<p class=\"long\">Analyse.<br \/>\nNous recueillons \u00e9galement certaines informations (nous-m\u00eames ou par l&rsquo;interm\u00e9diaire de services tiers) en utilisant la journalisation et les cookies, telles que l&rsquo;adresse IP, qui peuvent parfois \u00eatre corr\u00e9l\u00e9es avec les informations personnelles.<br \/>\nNous utilisons ces informations aux fins susmentionn\u00e9es et pour contr\u00f4ler et analyser l&rsquo;utilisation du service, pour l&rsquo;administration technique du service, pour am\u00e9liorer la fonctionnalit\u00e9 et la convivialit\u00e9 de notre service et pour v\u00e9rifier que les utilisateurs ont l&rsquo;autorisation n\u00e9cessaire pour que le service traite leurs demandes.<br \/>\n\u00c0 la date d&rsquo;entr\u00e9e en vigueur de la pr\u00e9sente politique, nous utilisons Google Analytics.<br \/>\nPour en savoir plus sur la <a href=\"http:\/\/www.google.com\/intl\/en\/policies\/\" target=\"_blank\" rel=\"noopener\">politique de confidentialit\u00e9 de Google Analytics, cliquez ici<\/a> <a href=\"https:\/\/tools.google.com\/dlpage\/gaoptout?hl=en\" target=\"_blank\" rel=\"noopener\">,<\/a> et pour savoir comment <a href=\"https:\/\/tools.google.com\/dlpage\/gaoptout?hl=en\" target=\"_blank\" rel=\"noopener\">d\u00e9sactiver ce service, cliquez ici.<\/a>    <\/p>\n<h2>3. Partage et divulgation d&rsquo;informations<\/h2>\n<p class=\"long\">Votre utilisation.<br \/>\nNous afficherons vos informations personnelles sur votre page de profil et ailleurs sur le service en fonction des pr\u00e9f\u00e9rences que vous avez d\u00e9finies dans votre compte.<br \/>\nToute information que vous choisissez de fournir doit refl\u00e9ter ce que vous voulez que les autres sachent de vous.<br \/>\nR\u00e9fl\u00e9chissez bien aux informations que vous souhaitez divulguer sur votre page de profil et au niveau d&rsquo;anonymat que vous souhaitez atteindre.<br \/>\nVous pouvez consulter et modifier les informations de votre profil \u00e0 tout moment.<br \/>\nNous ne vendons pas vos informations personnelles \u00e0 des tiers.<br \/>\nNous pouvons \u00e9galement partager ou divulguer vos informations avec votre consentement, par exemple si vous utilisez une application tierce pour acc\u00e9der \u00e0 votre compte (voir ci-dessous).<br \/>\nVous pouvez \u00e9galement avoir la possibilit\u00e9 de rendre publiques certaines de vos informations par le biais de certaines fonctionnalit\u00e9s du service.<br \/>\nLes informations publiques peuvent \u00eatre largement et rapidement diffus\u00e9es.        <\/p>\n<p class=\"long\">Prestataires de services, partenaires commerciaux et autres.<br \/>\nNous pouvons faire appel \u00e0 certaines soci\u00e9t\u00e9s et personnes tierces de confiance pour nous aider \u00e0 fournir, analyser et am\u00e9liorer le service (y compris, mais sans s&rsquo;y limiter, le stockage des donn\u00e9es, les services de maintenance, la gestion des bases de donn\u00e9es, l&rsquo;analyse du web, le traitement des paiements et l&rsquo;am\u00e9lioration des fonctionnalit\u00e9s du service).<br \/>\nCes tiers peuvent avoir acc\u00e8s \u00e0 vos informations uniquement dans le but d&rsquo;effectuer ces t\u00e2ches en notre nom et dans le cadre d&rsquo;obligations similaires \u00e0 celles de la pr\u00e9sente politique de confidentialit\u00e9.<br \/>\nNous utilisons le service de stockage S3 d&rsquo;Amazon pour stocker certaines de vos informations (par exemple, vos fichiers) \u00e0 la date d&rsquo;entr\u00e9e en vigueur de la pr\u00e9sente politique.<br \/>\nVous trouverez de plus amples informations sur la <a href=\"http:\/\/aws.amazon.com\/articles\/1697\" target=\"_blank\" rel=\"noopener\">s\u00e9curit\u00e9 des donn\u00e9es d&rsquo;Amazon sur le site S3.<\/a>    <\/p>\n<p class=\"long\">Applications de tiers.<br \/>\nNous pouvons partager vos informations avec une application tierce avec votre consentement, par exemple lorsque vous choisissez d&rsquo;acc\u00e9der \u00e0 nos services par l&rsquo;interm\u00e9diaire d&rsquo;une telle application.<br \/>\nNous ne sommes pas responsables de ce que ces parties font de vos informations. Vous devez donc vous assurer que vous faites confiance \u00e0 l&rsquo;application et que sa politique de confidentialit\u00e9 est acceptable pour vous.  <\/p>\n<p class=\"long\">Conformit\u00e9 aux lois et aux demandes d&rsquo;application de la loi ; protection des droits de Till Always.<br \/>\nNous pouvons divulguer \u00e0 des parties ext\u00e9rieures \u00e0 Till Always des fichiers stock\u00e9s dans votre Till Always et des renseignements \u00e0 votre sujet que nous recueillons lorsque nous avons de bonnes raisons de croire que la divulgation est raisonnablement n\u00e9cessaire pour<br \/>\n(a) se conformer \u00e0 une loi, \u00e0 un r\u00e8glement ou \u00e0 une demande l\u00e9gale obligatoire ;<br \/>\n(b) prot\u00e9ger la s\u00e9curit\u00e9 de toute personne contre la mort ou des blessures corporelles graves ;<br \/>\n(c) pr\u00e9venir la fraude ou l&rsquo;abus de Till Always ou de ses utilisateurs ; ou<br \/>\n(d) prot\u00e9ger les droits de propri\u00e9t\u00e9 de Till Always.<br \/>\nSi nous fournissons vos fichiers Till Always \u00e0 un organisme d&rsquo;application de la loi tel que d\u00e9crit ci-dessus, nous retirerons le cryptage de Till Always des fichiers avant de les remettre \u00e0 l&rsquo;organisme d&rsquo;application de la loi.<br \/>\nCependant, Till Always ne sera pas en mesure de d\u00e9crypter les fichiers que vous avez crypt\u00e9s avant de les stocker sur Till Always.       <\/p>\n<p class=\"long\">Transferts d&rsquo;activit\u00e9s.<br \/>\nSi nous sommes impliqu\u00e9s dans une fusion, une acquisition ou une vente de tout ou partie de nos actifs, vos informations peuvent \u00eatre transf\u00e9r\u00e9es dans le cadre de cette transaction, mais nous vous informerons (par exemple, par courrier \u00e9lectronique et\/ou par un avis bien visible sur notre site web) de tout changement de contr\u00f4le ou d&rsquo;utilisation de vos informations personnelles ou de vos fichiers, ou si l&rsquo;un ou l&rsquo;autre fait l&rsquo;objet d&rsquo;une politique de protection de la vie priv\u00e9e diff\u00e9rente.<br \/>\nNous vous informerons \u00e9galement des choix qui s&rsquo;offrent \u00e0 vous concernant ces informations.  <\/p>\n<p class=\"long\">Informations non priv\u00e9es ou non personnelles.<br \/>\nNous pouvons divulguer vos informations non priv\u00e9es, agr\u00e9g\u00e9es ou non personnelles, telles que les statistiques d&rsquo;utilisation de notre service. <\/p>\n<h2>4. Modification ou suppression de vos informations<\/h2>\n<p class=\"long\">Si vous \u00eates un utilisateur enregistr\u00e9, vous pouvez consulter, mettre \u00e0 jour, corriger ou supprimer les informations personnelles fournies dans votre profil d&rsquo;enregistrement ou de compte en modifiant vos \u00ab\u00a0param\u00e8tres de compte\u00a0\u00bb.<br \/>\nSi vos informations personnelles identifiables changent, vous pouvez les mettre \u00e0 jour en modifiant les param\u00e8tres de votre compte.<br \/>\nSi vous ne souhaitez plus utiliser notre service, vous pouvez envoyer un courriel \u00e0 info@Till Always.com pour demander la suppression de votre compte.<br \/>\nApr\u00e8s la suppression, notre service d&rsquo;assistance vous enverra un courriel pour confirmer que votre compte a \u00e9t\u00e9 supprim\u00e9.<br \/>\nDans certains cas, nous pouvons conserver des copies de vos informations, si la loi l&rsquo;exige.<br \/>\nVeuillez contacter info@Till Always.com pour toute question concernant vos informations personnelles sur notre service.<br \/>\nNous r\u00e9pondrons \u00e0 votre demande dans les 30 jours.      <\/p>\n<h2>5. Conservation des donn\u00e9es<\/h2>\n<p class=\"long\">Nous conserverons vos informations aussi longtemps que vous n&rsquo;aurez pas annul\u00e9 votre compte ou demand\u00e9 que nous n&rsquo;utilisions plus vos informations pour vous fournir des services.<br \/>\nNous pouvons conserver et utiliser vos informations si n\u00e9cessaire pour nous conformer \u00e0 nos obligations l\u00e9gales, r\u00e9soudre des litiges et appliquer nos accords.<br \/>\nConform\u00e9ment \u00e0 ces exigences, nous nous efforcerons de supprimer rapidement vos informations sur demande.<br \/>\nVeuillez noter cependant qu&rsquo;il peut y avoir un d\u00e9lai dans la suppression des informations de nos serveurs et que des versions sauvegard\u00e9es peuvent exister apr\u00e8s la suppression.   <\/p>\n<h2>6. Jusqu&rsquo;\u00e0 la communaut\u00e9 de toujours<\/h2>\n<p class=\"long\">Notre service propose des services communautaires accessibles au public, tels que des blogs, des forums et des wikis.<br \/>\nVous devez savoir que toute information que vous fournissez dans ces zones peut \u00eatre lue, collect\u00e9e et utilis\u00e9e par d&rsquo;autres personnes qui y ont acc\u00e8s.<br \/>\nVos messages peuvent \u00eatre conserv\u00e9s m\u00eame apr\u00e8s l&rsquo;annulation de votre compte.<br \/>\nVeuillez contacter privacy@tillalways.com pour toute question concernant vos informations personnelles sur notre service.   <\/p>\n<p class=\"long\">Notre Site comprend des liens vers d&rsquo;autres sites web, dont les pratiques en mati\u00e8re de protection de la vie priv\u00e9e peuvent diff\u00e9rer de celles de Till Always.<br \/>\nSi vous soumettez des renseignements personnels \u00e0 l&rsquo;un de ces sites, ceux-ci sont r\u00e9gis par leurs d\u00e9clarations de confidentialit\u00e9.<br \/>\nNous vous recommandons de lire attentivement la d\u00e9claration de confidentialit\u00e9 de tout site Web que vous visitez.  <\/p>\n<h2>7. S\u00e9curit\u00e9<\/h2>\n<p class=\"long\">La s\u00e9curit\u00e9 de vos informations est importante pour nous.<br \/>\nLorsque vous saisissez des informations sensibles (telles qu&rsquo;un num\u00e9ro de carte de cr\u00e9dit) sur nos formulaires de commande, nous cryptons la transmission de ces informations \u00e0 l&rsquo;aide de la technologie Secure Socket Layer (SSL). <\/p>\n<p class=\"long\">Nous suivons les normes g\u00e9n\u00e9ralement accept\u00e9es pour prot\u00e9ger les informations qui nous sont soumises, \u00e0 la fois pendant leur transmission et une fois que nous les avons re\u00e7ues.<br \/>\nToutefois, aucune m\u00e9thode de transmission ou de stockage \u00e9lectronique n&rsquo;est s\u00fbre \u00e0 100 %.<br \/>\nNous ne pouvons donc pas garantir une s\u00e9curit\u00e9 absolue.  <\/p>\n<h2>8. Modifications de notre politique de confidentialit\u00e9<\/h2>\n<p class=\"long\">La pr\u00e9sente politique de confidentialit\u00e9 peut \u00eatre modifi\u00e9e de temps \u00e0 autre.<br \/>\nNous vous avertirons (par exemple, par courrier \u00e9lectronique) si nous apportons une modification \u00e0 la pr\u00e9sente politique de confidentialit\u00e9 qui, selon nous, r\u00e9duit sensiblement vos droits.<br \/>\nNous pouvons \u00e9galement vous notifier des modifications dans d&rsquo;autres circonstances.<br \/>\nVous acceptez d&rsquo;\u00eatre li\u00e9 par la politique de confidentialit\u00e9 r\u00e9vis\u00e9e en continuant \u00e0 utiliser le service apr\u00e8s l&rsquo;entr\u00e9e en vigueur de ces modifications.   <\/p>\n\t\t\t\t\t\t<\/div>\n\t\t\t\t<\/div>\n\t\t\t\t\t<\/div>\n\t\t\t\t<\/div>\n\t\t\t\t\t<\/div>\n\t\t\t\t<\/div>\n\t\t\t\t<\/div>\n\t\t","protected":false},"excerpt":{"rendered":"<p>Vie priv\u00e9e Derni\u00e8re modification : 11 juin 2024 La pr\u00e9sente politique de confidentialit\u00e9 d\u00e9crit nos politiques et proc\u00e9dures en mati\u00e8re de collecte, d&rsquo;utilisation et de divulgation de vos renseignements. Les utilisateurs peuvent acc\u00e9der au service Till Always (le \u00a0\u00bb Service \u00ab\u00a0) par l&rsquo;entremise de notre site Web www.Till Always.com, d&rsquo;applications sur les appareils, d&rsquo;API et [&hellip;]<\/p>\n","protected":false},"author":1,"featured_media":0,"parent":0,"menu_order":0,"comment_status":"closed","ping_status":"closed","template":"","meta":{"footnotes":""},"class_list":["post-35107","page","type-page","status-publish","hentry"],"_links":{"self":[{"href":"https:\/\/tillalways.com\/fr\/wp-json\/wp\/v2\/pages\/35107","targetHints":{"allow":["GET"]}}],"collection":[{"href":"https:\/\/tillalways.com\/fr\/wp-json\/wp\/v2\/pages"}],"about":[{"href":"https:\/\/tillalways.com\/fr\/wp-json\/wp\/v2\/types\/page"}],"author":[{"embeddable":true,"href":"https:\/\/tillalways.com\/fr\/wp-json\/wp\/v2\/users\/1"}],"replies":[{"embeddable":true,"href":"https:\/\/tillalways.com\/fr\/wp-json\/wp\/v2\/comments?post=35107"}],"version-history":[{"count":0,"href":"https:\/\/tillalways.com\/fr\/wp-json\/wp\/v2\/pages\/35107\/revisions"}],"wp:attachment":[{"href":"https:\/\/tillalways.com\/fr\/wp-json\/wp\/v2\/media?parent=35107"}],"curies":[{"name":"wp","href":"https:\/\/api.w.org\/{rel}","templated":true}]}}