{"id":35113,"date":"2024-02-24T16:42:08","date_gmt":"2024-02-24T16:42:08","guid":{"rendered":"https:\/\/tillalways.com\/privacidad\/"},"modified":"2024-08-06T17:02:24","modified_gmt":"2024-08-06T17:02:24","slug":"privacidad","status":"publish","type":"page","link":"https:\/\/tillalways.com\/es\/privacidad\/","title":{"rendered":"Privacidad"},"content":{"rendered":"\t\t<div data-elementor-type=\"wp-page\" data-elementor-id=\"35113\" class=\"elementor elementor-35113 elementor-87\">\n\t\t\t\t<div class=\"elementor-element elementor-element-b3b8169 e-flex e-con-boxed e-con e-parent\" data-id=\"b3b8169\" data-element_type=\"container\">\n\t\t\t\t\t<div class=\"e-con-inner\">\n\t\t<div class=\"elementor-element elementor-element-9438519 e-flex e-con-boxed e-con e-child\" data-id=\"9438519\" data-element_type=\"container\">\n\t\t\t\t\t<div class=\"e-con-inner\">\n\t\t\t\t<div class=\"elementor-element elementor-element-3c786a4 elementor-widget elementor-widget-heading\" data-id=\"3c786a4\" data-element_type=\"widget\" data-widget_type=\"heading.default\">\n\t\t\t\t<div class=\"elementor-widget-container\">\n\t\t\t<h1 class=\"elementor-heading-title elementor-size-default\">Privacidad<\/h1>\t\t<\/div>\n\t\t\t\t<\/div>\n\t\t\t\t<div class=\"elementor-element elementor-element-0288cae elementor-widget elementor-widget-text-editor\" data-id=\"0288cae\" data-element_type=\"widget\" data-widget_type=\"text-editor.default\">\n\t\t\t\t<div class=\"elementor-widget-container\">\n\t\t\t\t\t\t\t<p class=\"long\">\u00daltima modificaci\u00f3n: 11 de junio de 2024<\/p>\n<p class=\"long\">Esta Pol\u00edtica de Privacidad describe nuestras pol\u00edticas y procedimientos para recopilar, utilizar y divulgar tu informaci\u00f3n.<br \/>\nLos usuarios pueden acceder al servicio Till Always (el \u00abServicio\u00bb) a trav\u00e9s de nuestro sitio web www.Till Always.com, aplicaciones en Dispositivos, a trav\u00e9s de API y a trav\u00e9s de terceros.<br \/>\nUn \u00abDispositivo\u00bb es cualquier ordenador utilizado para acceder al Servicio Till Always, incluyendo, entre otros, un ordenador de sobremesa, port\u00e1til, tel\u00e9fono m\u00f3vil, tableta u otro dispositivo electr\u00f3nico de consumo.<br \/>\nEsta Pol\u00edtica de Privacidad rige tu acceso al Servicio Till Always, independientemente de c\u00f3mo accedas a \u00e9l, y al utilizar nuestros Servicios consientes la recogida, transferencia, procesamiento, almacenamiento, divulgaci\u00f3n y otros usos descritos en esta Pol\u00edtica de Privacidad.<br \/>\nTodas las diferentes formas de datos, contenido e informaci\u00f3n descritas a continuaci\u00f3n se denominan colectivamente \u00abinformaci\u00f3n\u00bb.    <\/p>\n<h2>1. La informaci\u00f3n que recogemos y almacenamos<\/h2>\n<p class=\"long\">Podemos recoger y almacenar la siguiente informaci\u00f3n al ejecutar el Servicio Till Always:<\/p>\n<p class=\"long\">Informaci\u00f3n que proporcionas.<br \/>\nRecopilamos algunos datos personales cuando registras una cuenta, como tu nombre, n\u00famero de tel\u00e9fono, direcci\u00f3n de correo electr\u00f3nico y direcciones postales particular y profesional.<br \/>\nTambi\u00e9n puedes pedirnos que importemos tus contactos d\u00e1ndonos acceso a tus servicios de terceros (por ejemplo, tu cuenta de correo electr\u00f3nico) o que utilicemos tu informaci\u00f3n de redes sociales si nos das acceso a tu cuenta en servicios de conexi\u00f3n a redes sociales.<br \/>\nCuando invites a otras personas a unirse a Till Always utilizando nuestra p\u00e1gina de referidos, les enviaremos un \u00fanico correo electr\u00f3nico por ese referido.<br \/>\nTambi\u00e9n puedes proporcionarnos las direcciones de correo electr\u00f3nico de tus contactos cuando compartas carpetas o archivos con ellos.<br \/>\nTambi\u00e9n podemos recibir Informaci\u00f3n Personal (por ejemplo, tu direcci\u00f3n de correo electr\u00f3nico) a trav\u00e9s de otros usuarios, por ejemplo si han intentado compartir algo contigo o han intentado recomendarte Till Always.     <\/p>\n<p class=\"long\">Archivos.<br \/>\nRecogemos y almacenamos los archivos que subes, descargas o a los que accedes con el Servicio Till Always (\u00abArchivos\u00bb). <\/p>\n<p class=\"long\">Datos de registro.<br \/>\nCuando utilizas el Servicio, registramos autom\u00e1ticamente informaci\u00f3n de tu Dispositivo, su software y tu actividad utilizando los Servicios.<br \/>\nEsto puede incluir la direcci\u00f3n del Protocolo de Internet (\u00abIP\u00bb) del Dispositivo, el tipo de navegador, la p\u00e1gina web visitada antes de llegar a nuestro sitio web, la informaci\u00f3n que buscas en nuestro sitio web, las preferencias locales, los n\u00fameros de identificaci\u00f3n asociados a tus Dispositivos, tu operador de telefon\u00eda m\u00f3vil, las marcas de fecha y hora asociadas a las transacciones, la informaci\u00f3n de configuraci\u00f3n del sistema, los metadatos relativos a tus Archivos y otras interacciones con el Servicio.  <\/p>\n<p class=\"long\">Cookies.<br \/>\nTambi\u00e9n utilizamos \u00abcookies\u00bb para recopilar informaci\u00f3n y mejorar nuestros Servicios.<br \/>\nUna cookie es un peque\u00f1o archivo de datos que transferimos a tu Dispositivo.<br \/>\nPodemos utilizar \u00abcookies persistentes\u00bb para guardar tu ID de registro y contrase\u00f1a de inicio de sesi\u00f3n para futuros inicios de sesi\u00f3n en el Servicio.<br \/>\nPodemos utilizar \u00abcookies de identificaci\u00f3n de sesi\u00f3n\u00bb para habilitar ciertas funciones del Servicio, para comprender mejor c\u00f3mo interact\u00faas con el Servicio y para controlar el uso agregado y el enrutamiento del tr\u00e1fico web en el Servicio.<br \/>\nPuedes indicar a tu navegador, cambiando sus opciones, que deje de aceptar cookies o que te pregunte antes de aceptar una cookie de los sitios web que visitas.<br \/>\nSin embargo, si no aceptas las cookies, es posible que no puedas utilizar todos los aspectos del Servicio.      <\/p>\n<h2>2. C\u00f3mo utilizamos la informaci\u00f3n personal<\/h2>\n<p class=\"long\">Informaci\u00f3n Personal.<br \/>\nPodemos recopilar informaci\u00f3n personal que pueda utilizarse para ponernos en contacto contigo o identificarte (\u00abInformaci\u00f3n Personal\u00bb) durante el uso del Servicio.<br \/>\nLa Informaci\u00f3n Personal se utiliza o puede utilizarse<br \/>\n(i) para proporcionar y mejorar nuestro Servicio,<br \/>\n(ii) para administrar tu uso del Servicio,<br \/>\n(iii) para comprender mejor tus necesidades e intereses,<br \/>\n(iv) para personalizar y mejorar tu experiencia y<br \/>\n(v) para proporcionar u ofrecer actualizaciones de software y anuncios de productos.<br \/>\nSi no deseas seguir recibiendo comunicaciones nuestras, sigue las instrucciones para \u00abdarte de baja\u00bb que aparecen en cualquiera de estas comunicaciones, o actualiza la informaci\u00f3n de configuraci\u00f3n de tu cuenta.        <\/p>\n<p class=\"long\">Informaci\u00f3n de geolocalizaci\u00f3n.<br \/>\nAlgunos Dispositivos permiten que las aplicaciones accedan a informaci\u00f3n basada en la ubicaci\u00f3n en tiempo real (por ejemplo, GPS).<br \/>\nNuestras aplicaciones m\u00f3viles no recopilan dicha informaci\u00f3n de tu dispositivo m\u00f3vil en ning\u00fan momento mientras descargas o utilizas nuestras aplicaciones m\u00f3viles a partir de la fecha de entrada en vigor de esta pol\u00edtica, pero pueden hacerlo en el futuro con tu consentimiento para mejorar nuestros Servicios.<br \/>\nAlgunas fotos y v\u00eddeos que coloques en Till Always pueden contener informaci\u00f3n de ubicaci\u00f3n grabada.<br \/>\nPodemos utilizar esta informaci\u00f3n para optimizar tu experiencia.<br \/>\nSi no deseas compartir con nosotros archivos incrustados con tu informaci\u00f3n de geolocalizaci\u00f3n, por favor, no los subas.<br \/>\nSi no quieres almacenar datos de localizaci\u00f3n en tus fotos o v\u00eddeos, consulta la documentaci\u00f3n de tu c\u00e1mara para desactivar esa funci\u00f3n.<br \/>\nAdem\u00e1s, parte de la informaci\u00f3n que recopilamos de un Dispositivo, por ejemplo la direcci\u00f3n IP, puede utilizarse a veces para aproximar la ubicaci\u00f3n de un Dispositivo.       <\/p>\n<p class=\"long\">Anal\u00edtica.<br \/>\nTambi\u00e9n recopilamos cierta informaci\u00f3n (nosotros mismos o utilizando servicios de terceros) utilizando registros y cookies, como la direcci\u00f3n IP, que a veces puede correlacionarse con Informaci\u00f3n Personal.<br \/>\nUtilizamos esta informaci\u00f3n para los fines anteriores y para supervisar y analizar el uso del Servicio, para la administraci\u00f3n t\u00e9cnica del Servicio, para aumentar la funcionalidad y facilidad de uso de nuestro Servicio y para verificar que los usuarios tienen la autorizaci\u00f3n necesaria para que el Servicio procese sus solicitudes.<br \/>\nA partir de la fecha de entrada en vigor de esta pol\u00edtica, utilizamos Google Analytics.<br \/>\nPara obtener m\u00e1s informaci\u00f3n sobre la <a href=\"http:\/\/www.google.com\/intl\/en\/policies\/\" target=\"_blank\" rel=\"noopener\">pol\u00edtica de privacidad de Google Analytics, haz clic aqu\u00ed<\/a>, y para saber c\u00f3mo <a href=\"https:\/\/tools.google.com\/dlpage\/gaoptout?hl=en\" target=\"_blank\" rel=\"noopener\">darte de baja de ese servicio, haz clic aqu\u00ed.<\/a>    <\/p>\n<h2>3. Intercambio y divulgaci\u00f3n de informaci\u00f3n<\/h2>\n<p class=\"long\">Tu uso.<br \/>\nMostraremos tu Informaci\u00f3n Personal en tu p\u00e1gina de perfil y en otras partes del Servicio seg\u00fan las preferencias que establezcas en tu cuenta.<br \/>\nCualquier informaci\u00f3n que decidas proporcionar debe reflejar cu\u00e1nto quieres que los dem\u00e1s sepan sobre ti.<br \/>\nConsidera cuidadosamente qu\u00e9 informaci\u00f3n deseas revelar en tu p\u00e1gina de perfil y tu nivel deseado de anonimato.<br \/>\nPuedes revisar y modificar la informaci\u00f3n de tu perfil en cualquier momento.<br \/>\nNo vendemos tu informaci\u00f3n personal a terceros.<br \/>\nTambi\u00e9n podemos compartir o revelar tu informaci\u00f3n con tu consentimiento, por ejemplo si utilizas una aplicaci\u00f3n de terceros para acceder a tu cuenta (ver m\u00e1s abajo).<br \/>\nTambi\u00e9n puedes tener la posibilidad de hacer p\u00fablica parte de tu informaci\u00f3n a trav\u00e9s de ciertas funciones del Servicio.<br \/>\nLa informaci\u00f3n p\u00fablica puede difundirse amplia y r\u00e1pidamente.        <\/p>\n<p class=\"long\">Proveedores de Servicios, Socios Comerciales y Otros.<br \/>\nPodemos utilizar determinadas empresas y personas de confianza de terceros para que nos ayuden a prestar, analizar y mejorar el Servicio (incluidos, entre otros, el almacenamiento de datos, los servicios de mantenimiento, la gesti\u00f3n de bases de datos, la anal\u00edtica web, el procesamiento de pagos y la mejora de las funciones del Servicio).<br \/>\nEstos terceros pueden tener acceso a tu informaci\u00f3n s\u00f3lo con el fin de realizar estas tareas en nuestro nombre y bajo obligaciones similares a las de esta Pol\u00edtica de Privacidad.<br \/>\nUtilizamos el servicio de almacenamiento S3 de Amazon para almacenar parte de tu informaci\u00f3n (por ejemplo, tus Archivos) a partir de la fecha de entrada en vigor de esta pol\u00edtica.<br \/>\nPuedes encontrar m\u00e1s informaci\u00f3n sobre <a href=\"http:\/\/aws.amazon.com\/articles\/1697\" target=\"_blank\" rel=\"noopener\">la seguridad de los datos de Amazon en el sitio de S3.<\/a>    <\/p>\n<p class=\"long\">Aplicaciones de terceros.<br \/>\nPodemos compartir tu informaci\u00f3n con una aplicaci\u00f3n de terceros con tu consentimiento, por ejemplo, cuando decides acceder a nuestros Servicios a trav\u00e9s de dicha aplicaci\u00f3n.<br \/>\nNo somos responsables de lo que esas partes hagan con tu informaci\u00f3n, por lo que debes asegurarte de que conf\u00edas en la aplicaci\u00f3n y de que tiene una pol\u00edtica de privacidad aceptable para ti.  <\/p>\n<p class=\"long\">Cumplimiento de Leyes y Solicitudes de Aplicaci\u00f3n de la Ley; Protecci\u00f3n de los Derechos de Till Always.<br \/>\nPodemos revelar archivos a partes ajenas a Till Always almacenados en tu Till Always e informaci\u00f3n sobre ti que recopilemos cuando tengamos motivos fundados para creer que la revelaci\u00f3n es razonablemente necesaria para<br \/>\n(a) cumplir una ley, reglamento o solicitud legal obligatoria;<br \/>\n(b) proteger la seguridad de cualquier persona frente a la muerte o lesiones corporales graves;<br \/>\n(c) prevenir el fraude o el abuso de Till Always o de sus usuarios; o<br \/>\n(d) proteger los derechos de propiedad de Till Always.<br \/>\nSi proporcionamos tus archivos de Till Always a una agencia de aplicaci\u00f3n de la ley seg\u00fan lo establecido anteriormente, eliminaremos el cifrado de Till Always de los archivos antes de entregarlos a la agencia de aplicaci\u00f3n de la ley.<br \/>\nSin embargo, Till Always no podr\u00e1 descifrar ning\u00fan archivo que hayas cifrado antes de almacenarlo en Till Always.       <\/p>\n<p class=\"long\">Transferencias empresariales.<br \/>\nSi participamos en una fusi\u00f3n, adquisici\u00f3n o venta de todos o parte de nuestros activos, tu informaci\u00f3n puede ser transferida como parte de esa transacci\u00f3n, pero te notificaremos (por ejemplo, por correo electr\u00f3nico y\/o mediante un aviso destacado en nuestro sitio web) cualquier cambio en el control o uso de tu Informaci\u00f3n Personal o Ficheros, o si cualquiera de ellos pasa a estar sujeto a una Pol\u00edtica de Privacidad diferente.<br \/>\nTambi\u00e9n te notificaremos las opciones que puedas tener con respecto a la informaci\u00f3n.  <\/p>\n<p class=\"long\">Informaci\u00f3n no privada o no personal.<br \/>\nPodemos revelar tu informaci\u00f3n no privada, agregada o no personal, como estad\u00edsticas de uso de nuestro Servicio. <\/p>\n<h2>4. Modificar o eliminar tus datos<\/h2>\n<p class=\"long\">Si eres un usuario registrado, puedes revisar, actualizar, corregir o eliminar la Informaci\u00f3n personal proporcionada en tu registro o perfil de cuenta cambiando la \u00abconfiguraci\u00f3n de tu cuenta\u00bb.<br \/>\nSi tu informaci\u00f3n personal identificable cambia, puedes actualizarla realizando el cambio en la configuraci\u00f3n de tu cuenta.<br \/>\nSi ya no deseas utilizar nuestro servicio, puedes enviar un correo electr\u00f3nico a info@Till Always.com con una solicitud para eliminar tu cuenta.<br \/>\nTras la eliminaci\u00f3n, nuestro back off te enviar\u00e1 un correo electr\u00f3nico para confirmar que tu cuenta ha sido eliminada.<br \/>\nEn algunos casos podemos conservar copias de tu informaci\u00f3n, si as\u00ed lo exige la ley.<br \/>\nPonte en contacto con info@Till Always.com si tienes alguna pregunta sobre tus Datos Personales en nuestro Servicio.<br \/>\nResponderemos a tu consulta en un plazo de 30 d\u00edas.      <\/p>\n<h2>5. Conservaci\u00f3n de datos<\/h2>\n<p class=\"long\">Conservaremos tu informaci\u00f3n mientras no canceles tu cuenta o solicites que dejemos de utilizarla para prestarte servicios.<br \/>\nPodemos conservar y utilizar tu informaci\u00f3n seg\u00fan sea necesario para cumplir con nuestras obligaciones legales, resolver disputas y hacer cumplir nuestros acuerdos.<br \/>\nEn consonancia con estos requisitos, intentaremos eliminar r\u00e1pidamente tu informaci\u00f3n si as\u00ed lo solicitas.<br \/>\nSin embargo, ten en cuenta que puede haber un retraso en la eliminaci\u00f3n de la informaci\u00f3n de nuestros servidores y que pueden existir versiones de copia de seguridad despu\u00e9s de la eliminaci\u00f3n.   <\/p>\n<h2>6. Hasta siempre Comunidad<\/h2>\n<p class=\"long\">Nuestro Servicio ofrece servicios comunitarios de acceso p\u00fablico, como blogs, foros y wikis.<br \/>\nDebes ser consciente de que cualquier informaci\u00f3n que proporciones en estas \u00e1reas puede ser le\u00edda, recopilada y utilizada por otras personas que accedan a ellas.<br \/>\nTus publicaciones pueden permanecer incluso despu\u00e9s de que canceles tu cuenta.<br \/>\nPonte en contacto con privacy@tillalways.com para cualquier pregunta sobre tu Informaci\u00f3n Personal en nuestro Servicio.   <\/p>\n<p class=\"long\">Nuestro Sitio incluye enlaces a otros sitios web, cuyas pr\u00e1cticas de privacidad pueden diferir de las de Till Always.<br \/>\nSi env\u00edas informaci\u00f3n personal a cualquiera de esos sitios, tu informaci\u00f3n se regir\u00e1 por sus declaraciones de privacidad.<br \/>\nTe recomendamos que leas detenidamente la declaraci\u00f3n de privacidad de cualquier sitio web que visites.  <\/p>\n<h2>7. Seguridad<\/h2>\n<p class=\"long\">La seguridad de tu informaci\u00f3n es importante para nosotros.<br \/>\nCuando introduces informaci\u00f3n sensible (como un n\u00famero de tarjeta de cr\u00e9dito) en nuestros formularios de pedido, encriptamos la transmisi\u00f3n de esa informaci\u00f3n utilizando tecnolog\u00eda de capa de conexi\u00f3n segura (SSL). <\/p>\n<p class=\"long\">Seguimos normas generalmente aceptadas para proteger la informaci\u00f3n que se nos env\u00eda, tanto durante la transmisi\u00f3n como una vez que la hemos recibido.<br \/>\nSin embargo, ning\u00fan m\u00e9todo de transmisi\u00f3n o almacenamiento electr\u00f3nico es seguro al 100%.<br \/>\nPor lo tanto, no podemos garantizar su seguridad absoluta.  <\/p>\n<h2>8. Cambios en nuestra Pol\u00edtica de Privacidad<\/h2>\n<p class=\"long\">Esta Pol\u00edtica de Privacidad puede cambiar de vez en cuando.<br \/>\nTe avisaremos (por ejemplo, por correo electr\u00f3nico) si realizamos un cambio en esta pol\u00edtica de privacidad que consideremos que reduce materialmente tus derechos.<br \/>\nTambi\u00e9n podemos notificar cambios en otras circunstancias.<br \/>\nAceptas quedar vinculado por la Pol\u00edtica de Privacidad revisada si contin\u00faas utilizando el Servicio despu\u00e9s de que dichos cambios entren en vigor.   <\/p>\n\t\t\t\t\t\t<\/div>\n\t\t\t\t<\/div>\n\t\t\t\t\t<\/div>\n\t\t\t\t<\/div>\n\t\t\t\t\t<\/div>\n\t\t\t\t<\/div>\n\t\t\t\t<\/div>\n\t\t","protected":false},"excerpt":{"rendered":"<p>Privacidad \u00daltima modificaci\u00f3n: 11 de junio de 2024 Esta Pol\u00edtica de Privacidad describe nuestras pol\u00edticas y procedimientos para recopilar, utilizar y divulgar tu informaci\u00f3n. Los usuarios pueden acceder al servicio Till Always (el \u00abServicio\u00bb) a trav\u00e9s de nuestro sitio web www.Till Always.com, aplicaciones en Dispositivos, a trav\u00e9s de API y a trav\u00e9s de terceros. Un [&hellip;]<\/p>\n","protected":false},"author":1,"featured_media":0,"parent":0,"menu_order":0,"comment_status":"closed","ping_status":"closed","template":"","meta":{"footnotes":""},"class_list":["post-35113","page","type-page","status-publish","hentry"],"_links":{"self":[{"href":"https:\/\/tillalways.com\/es\/wp-json\/wp\/v2\/pages\/35113","targetHints":{"allow":["GET"]}}],"collection":[{"href":"https:\/\/tillalways.com\/es\/wp-json\/wp\/v2\/pages"}],"about":[{"href":"https:\/\/tillalways.com\/es\/wp-json\/wp\/v2\/types\/page"}],"author":[{"embeddable":true,"href":"https:\/\/tillalways.com\/es\/wp-json\/wp\/v2\/users\/1"}],"replies":[{"embeddable":true,"href":"https:\/\/tillalways.com\/es\/wp-json\/wp\/v2\/comments?post=35113"}],"version-history":[{"count":0,"href":"https:\/\/tillalways.com\/es\/wp-json\/wp\/v2\/pages\/35113\/revisions"}],"wp:attachment":[{"href":"https:\/\/tillalways.com\/es\/wp-json\/wp\/v2\/media?parent=35113"}],"curies":[{"name":"wp","href":"https:\/\/api.w.org\/{rel}","templated":true}]}}