{"id":35128,"date":"2024-06-11T19:07:59","date_gmt":"2024-06-11T19:07:59","guid":{"rendered":"https:\/\/tillalways.com\/ueber-uns\/"},"modified":"2025-05-02T08:08:15","modified_gmt":"2025-05-02T08:08:15","slug":"ueber-uns","status":"publish","type":"page","link":"https:\/\/tillalways.com\/de\/ueber-uns\/","title":{"rendered":"\u00dcber uns"},"content":{"rendered":"\t\t<div data-elementor-type=\"wp-page\" data-elementor-id=\"35128\" class=\"elementor elementor-35128 elementor-34654\">\n\t\t\t\t<div class=\"elementor-element elementor-element-b3b8169 e-flex e-con-boxed e-con e-parent\" data-id=\"b3b8169\" data-element_type=\"container\">\n\t\t\t\t\t<div class=\"e-con-inner\">\n\t\t<div class=\"elementor-element elementor-element-9438519 e-flex e-con-boxed e-con e-child\" data-id=\"9438519\" data-element_type=\"container\">\n\t\t\t\t\t<div class=\"e-con-inner\">\n\t\t<div class=\"elementor-element elementor-element-0cb0b42 e-flex e-con-boxed e-con e-child\" data-id=\"0cb0b42\" data-element_type=\"container\">\n\t\t\t\t\t<div class=\"e-con-inner\">\n\t\t\t\t<div class=\"elementor-element elementor-element-3c786a4 elementor-widget elementor-widget-heading\" data-id=\"3c786a4\" data-element_type=\"widget\" data-widget_type=\"heading.default\">\n\t\t\t\t<div class=\"elementor-widget-container\">\n\t\t\t<h1 class=\"elementor-heading-title elementor-size-default\">\u00dcber uns<\/h1>\t\t<\/div>\n\t\t\t\t<\/div>\n\t\t\t\t<div class=\"elementor-element elementor-element-0288cae elementor-widget elementor-widget-text-editor\" data-id=\"0288cae\" data-element_type=\"widget\" data-widget_type=\"text-editor.default\">\n\t\t\t\t<div class=\"elementor-widget-container\">\n\t\t\t\t\t\t\t<p>Till Always wurde 2012 in Belgien mit dem Ziel gegr\u00fcndet, die Erinnerung an unsere verstorbenen Lieben f\u00fcr immer zu bewahren. Wir garantieren, dass Ihre Erinnerungen auf unserer Plattform mit Sorgfalt und Respekt gespeichert werden. Dies gilt sowohl jetzt als auch in Zukunft.  <\/p>\n\t\t\t\t\t\t<\/div>\n\t\t\t\t<\/div>\n\t\t\t\t\t<\/div>\n\t\t\t\t<\/div>\n\t\t\t\t\t<\/div>\n\t\t\t\t<\/div>\n\t\t<div class=\"elementor-element elementor-element-b21b867 e-flex e-con-boxed e-con e-child\" data-id=\"b21b867\" data-element_type=\"container\">\n\t\t\t\t\t<div class=\"e-con-inner\">\n\t\t<div class=\"elementor-element elementor-element-cdbb475 e-flex e-con-boxed e-con e-child\" data-id=\"cdbb475\" data-element_type=\"container\">\n\t\t\t\t\t<div class=\"e-con-inner\">\n\t\t\t\t<div class=\"elementor-element elementor-element-fb43470 elementor-widget elementor-widget-heading\" data-id=\"fb43470\" data-element_type=\"widget\" data-widget_type=\"heading.default\">\n\t\t\t\t<div class=\"elementor-widget-container\">\n\t\t\t<h1 class=\"elementor-heading-title elementor-size-default\">Das Team<\/h1>\t\t<\/div>\n\t\t\t\t<\/div>\n\t\t\t\t<div class=\"elementor-element elementor-element-5937521 elementor-widget elementor-widget-text-editor\" data-id=\"5937521\" data-element_type=\"widget\" data-widget_type=\"text-editor.default\">\n\t\t\t\t<div class=\"elementor-widget-container\">\n\t\t\t\t\t\t\t<p>Wir sind ein kleines, aber engagiertes Team bei Till Always, das sich der Aufgabe verschrieben hat, einen einf\u00fchlsamen und sicheren Ort f\u00fcr die Bewahrung von Erinnerungen zu schaffen. Wir arbeiten unerm\u00fcdlich daran, Ihre Erinnerungen zu bewahren und f\u00fcr kommende Generationen zu sch\u00fctzen. <\/p>\n\t\t\t\t\t\t<\/div>\n\t\t\t\t<\/div>\n\t\t\t\t\t<\/div>\n\t\t\t\t<\/div>\n\t\t\t\t\t<\/div>\n\t\t\t\t<\/div>\n\t\t\t\t\t<\/div>\n\t\t\t\t<\/div>\n\t\t\t\t<\/div>\n\t\t","protected":false},"excerpt":{"rendered":"<p>\u00dcber uns Till Always wurde 2012 in Belgien mit dem Ziel gegr\u00fcndet, die Erinnerung an unsere verstorbenen Lieben f\u00fcr immer zu bewahren. Wir garantieren, dass Ihre Erinnerungen auf unserer Plattform mit Sorgfalt und Respekt gespeichert werden. Dies gilt sowohl jetzt als auch in Zukunft. Das Team Wir sind ein kleines, aber engagiertes Team bei Till [&hellip;]<\/p>\n","protected":false},"author":1,"featured_media":0,"parent":0,"menu_order":0,"comment_status":"closed","ping_status":"closed","template":"","meta":{"footnotes":""},"class_list":["post-35128","page","type-page","status-publish","hentry"],"_links":{"self":[{"href":"https:\/\/tillalways.com\/de\/wp-json\/wp\/v2\/pages\/35128","targetHints":{"allow":["GET"]}}],"collection":[{"href":"https:\/\/tillalways.com\/de\/wp-json\/wp\/v2\/pages"}],"about":[{"href":"https:\/\/tillalways.com\/de\/wp-json\/wp\/v2\/types\/page"}],"author":[{"embeddable":true,"href":"https:\/\/tillalways.com\/de\/wp-json\/wp\/v2\/users\/1"}],"replies":[{"embeddable":true,"href":"https:\/\/tillalways.com\/de\/wp-json\/wp\/v2\/comments?post=35128"}],"version-history":[{"count":0,"href":"https:\/\/tillalways.com\/de\/wp-json\/wp\/v2\/pages\/35128\/revisions"}],"wp:attachment":[{"href":"https:\/\/tillalways.com\/de\/wp-json\/wp\/v2\/media?parent=35128"}],"curies":[{"name":"wp","href":"https:\/\/api.w.org\/{rel}","templated":true}]}}