{"id":35119,"date":"2024-02-24T16:42:08","date_gmt":"2024-02-24T16:42:08","guid":{"rendered":"https:\/\/tillalways.com\/datenschutz\/"},"modified":"2024-08-06T17:02:27","modified_gmt":"2024-08-06T17:02:27","slug":"datenschutz","status":"publish","type":"page","link":"https:\/\/tillalways.com\/de\/datenschutz\/","title":{"rendered":"Datenschutz"},"content":{"rendered":"\t\t<div data-elementor-type=\"wp-page\" data-elementor-id=\"35119\" class=\"elementor elementor-35119 elementor-87\">\n\t\t\t\t<div class=\"elementor-element elementor-element-b3b8169 e-flex e-con-boxed e-con e-parent\" data-id=\"b3b8169\" data-element_type=\"container\">\n\t\t\t\t\t<div class=\"e-con-inner\">\n\t\t<div class=\"elementor-element elementor-element-9438519 e-flex e-con-boxed e-con e-child\" data-id=\"9438519\" data-element_type=\"container\">\n\t\t\t\t\t<div class=\"e-con-inner\">\n\t\t\t\t<div class=\"elementor-element elementor-element-3c786a4 elementor-widget elementor-widget-heading\" data-id=\"3c786a4\" data-element_type=\"widget\" data-widget_type=\"heading.default\">\n\t\t\t\t<div class=\"elementor-widget-container\">\n\t\t\t<h1 class=\"elementor-heading-title elementor-size-default\">Datenschutz<\/h1>\t\t<\/div>\n\t\t\t\t<\/div>\n\t\t\t\t<div class=\"elementor-element elementor-element-0288cae elementor-widget elementor-widget-text-editor\" data-id=\"0288cae\" data-element_type=\"widget\" data-widget_type=\"text-editor.default\">\n\t\t\t\t<div class=\"elementor-widget-container\">\n\t\t\t\t\t\t\t<p class=\"long\">Zuletzt ge\u00e4ndert: Juni 11, 2024<\/p>\n<p class=\"long\">Diese Datenschutzrichtlinie beschreibt unsere Richtlinien und Verfahren zur Erfassung, Verwendung und Offenlegung Ihrer Daten.<br \/>\nNutzer k\u00f6nnen \u00fcber unsere Website www.Till Always.com, Anwendungen auf Ger\u00e4ten, \u00fcber APIs und \u00fcber Dritte auf den Till Always Service (den &#8222;Service&#8220;) zugreifen.<br \/>\nEin &#8222;Ger\u00e4t&#8220; ist jeder Computer, der f\u00fcr den Zugriff auf den Till Always-Dienst verwendet wird, einschlie\u00dflich, aber nicht beschr\u00e4nkt auf einen Desktop, einen Laptop, ein Mobiltelefon, ein Tablet oder ein anderes elektronisches Ger\u00e4t.<br \/>\nDiese Datenschutzrichtlinie regelt Ihren Zugriff auf den Till Always Service, unabh\u00e4ngig davon, wie Sie darauf zugreifen, und durch die Nutzung unserer Dienste stimmen Sie der in dieser Datenschutzrichtlinie beschriebenen Erfassung, \u00dcbertragung, Verarbeitung, Speicherung, Offenlegung und sonstigen Nutzung zu.<br \/>\nAlle verschiedenen Formen von Daten, Inhalten und Informationen, die im Folgenden beschrieben werden, werden zusammenfassend als &#8222;Informationen&#8220; bezeichnet.    <\/p>\n<h2>1. Die Informationen, die wir sammeln und speichern<\/h2>\n<p class=\"long\">Beim Betrieb des Till Always-Dienstes k\u00f6nnen wir die folgenden Informationen erfassen und speichern:<\/p>\n<p class=\"long\">Informationen, die Sie bereitstellen.<br \/>\nWir erfassen einige pers\u00f6nliche Daten, wenn Sie ein Konto registrieren, z. B. Ihren Namen, Ihre Telefonnummer, Ihre E-Mail-Adresse sowie Ihre Privat- und Gesch\u00e4ftsanschrift.<br \/>\nSie k\u00f6nnen uns auch bitten, Ihre Kontakte zu importieren, indem Sie uns Zugang zu Ihren Drittanbieterdiensten (z. B. Ihrem E-Mail-Konto) gew\u00e4hren, oder Ihre Informationen aus sozialen Netzwerken zu verwenden, wenn Sie uns Zugang zu Ihrem Konto bei sozialen Netzwerkverbindungsdiensten gew\u00e4hren.<br \/>\nWenn Sie andere Personen \u00fcber unsere Empfehlungsseite einladen, Till Always beizutreten, senden wir ihnen eine einmalige E-Mail f\u00fcr diese Empfehlung.<br \/>\nSie k\u00f6nnen uns auch die E-Mail-Adressen Ihrer Kontakte mitteilen, wenn Sie Ordner oder Dateien mit ihnen teilen.<br \/>\nWir k\u00f6nnen auch pers\u00f6nliche Daten (z.B. Ihre E-Mail-Adresse) von anderen Nutzern erhalten, wenn diese z.B. versucht haben, etwas mit Ihnen zu teilen oder Ihnen Till Always zu empfehlen.     <\/p>\n<p class=\"long\">Dateien.<br \/>\nWir erfassen und speichern die Dateien, die Sie hochladen, herunterladen oder auf die Sie mit dem Till Always Service zugreifen (&#8222;Dateien&#8220;). <\/p>\n<p class=\"long\">Protokolldaten.<br \/>\nWenn Sie den Dienst nutzen, zeichnen wir automatisch Informationen von Ihrem Ger\u00e4t, seiner Software und Ihrer Aktivit\u00e4t bei der Nutzung der Dienste auf.<br \/>\nDazu geh\u00f6ren die Internetprotokoll-Adresse (&#8222;IP&#8220;) des Ger\u00e4ts, der Browsertyp, die Webseite, die Sie besucht haben, bevor Sie auf unsere Website kamen, Informationen, nach denen Sie auf unserer Website suchen, lokale Pr\u00e4ferenzen, Identifikationsnummern, die mit Ihren Ger\u00e4ten verbunden sind, Ihr Mobilfunkanbieter, Datums- und Zeitstempel im Zusammenhang mit Transaktionen, Informationen zur Systemkonfiguration, Metadaten zu Ihren Dateien und anderen Interaktionen mit dem Dienst.  <\/p>\n<p class=\"long\">Cookies.<br \/>\nWir verwenden auch &#8222;Cookies&#8220;, um Informationen zu sammeln und unsere Dienste zu verbessern.<br \/>\nEin Cookie ist eine kleine Datendatei, die wir auf Ihr Ger\u00e4t \u00fcbertragen.<br \/>\nWir k\u00f6nnen &#8222;dauerhafte Cookies&#8220; verwenden, um Ihre Registrierungs-ID und Ihr Anmeldepasswort f\u00fcr zuk\u00fcnftige Anmeldungen beim Dienst zu speichern.<br \/>\nWir k\u00f6nnen &#8222;Sitzungs-ID-Cookies&#8220; verwenden, um bestimmte Funktionen des Dienstes zu aktivieren, um besser zu verstehen, wie Sie mit dem Dienst interagieren, und um die Gesamtnutzung und die Weiterleitung des Webverkehrs auf dem Dienst zu \u00fcberwachen.<br \/>\nSie k\u00f6nnen Ihren Browser so einstellen, dass er keine Cookies mehr annimmt oder Sie auffordert, ein Cookie von den von Ihnen besuchten Websites anzunehmen.<br \/>\nWenn Sie jedoch keine Cookies akzeptieren, k\u00f6nnen Sie m\u00f6glicherweise nicht alle Aspekte des Dienstes nutzen.      <\/p>\n<h2>2. Wie wir pers\u00f6nliche Informationen verwenden<\/h2>\n<p class=\"long\">Pers\u00f6nliche Informationen.<br \/>\nWir k\u00f6nnen w\u00e4hrend der Nutzung des Dienstes pers\u00f6nliche Daten sammeln, die dazu verwendet werden k\u00f6nnen, Sie zu kontaktieren oder zu identifizieren (&#8222;Pers\u00f6nliche Daten&#8220;).<br \/>\nPers\u00f6nliche Informationen werden oder k\u00f6nnen verwendet werden:<br \/>\n(i) um unseren Service bereitzustellen und zu verbessern,<br \/>\n(ii) um Ihre Nutzung des Dienstes zu verwalten,<br \/>\n(iii) um Ihre Bed\u00fcrfnisse und Interessen besser zu verstehen,<br \/>\n(iv) um Ihre Erfahrung zu personalisieren und zu verbessern und<br \/>\n(v) um Software-Updates und Produktank\u00fcndigungen bereitzustellen oder anzubieten.<br \/>\nWenn Sie keine Mitteilungen mehr von uns erhalten m\u00f6chten, befolgen Sie bitte die Anweisungen zum Abbestellen&#8220;, die in jeder dieser Mitteilungen enthalten sind, oder aktualisieren Sie Ihre Kontoeinstellungen.        <\/p>\n<p class=\"long\">Geo-Standortinformationen.<br \/>\nEinige Ger\u00e4te erm\u00f6glichen Anwendungen den Zugriff auf standortbezogene Echtzeitinformationen (z. B. GPS).<br \/>\nZum Zeitpunkt des Inkrafttretens dieser Richtlinie erheben unsere mobilen Anwendungen zu keinem Zeitpunkt derartige Informationen von Ihrem mobilen Ger\u00e4t, w\u00e4hrend Sie unsere mobilen Anwendungen herunterladen oder nutzen, k\u00f6nnen dies aber in Zukunft mit Ihrer Zustimmung tun, um unsere Dienste zu verbessern.<br \/>\nEinige Fotos und Videos, die Sie in Till Always einstellen, k\u00f6nnen aufgezeichnete Standortinformationen enthalten.<br \/>\nWir k\u00f6nnen diese Informationen verwenden, um Ihr Erlebnis zu optimieren.<br \/>\nWenn Sie Dateien, die Ihre Standortinformationen enthalten, nicht mit uns teilen m\u00f6chten, laden Sie sie bitte nicht hoch.<br \/>\nWenn Sie keine Standortdaten in Ihren Fotos oder Videos speichern m\u00f6chten, lesen Sie bitte in der Dokumentation Ihrer Kamera nach, um diese Funktion zu deaktivieren.<br \/>\nAu\u00dferdem k\u00f6nnen einige der Informationen, die wir von einem Ger\u00e4t sammeln, z. B. die IP-Adresse, manchmal dazu verwendet werden, den Standort eines Ger\u00e4ts zu bestimmen.       <\/p>\n<p class=\"long\">Analytik.<br \/>\nWir sammeln auch einige Informationen (selbst oder mit Hilfe von Diensten Dritter) mit Hilfe von Protokollierung und Cookies, wie z.B. die IP-Adresse, die manchmal mit pers\u00f6nlichen Daten korreliert werden k\u00f6nnen.<br \/>\nWir verwenden diese Informationen f\u00fcr die oben genannten Zwecke und um die Nutzung des Dienstes zu \u00fcberwachen und zu analysieren, f\u00fcr die technische Verwaltung des Dienstes, um die Funktionalit\u00e4t und Benutzerfreundlichkeit unseres Dienstes zu verbessern und um zu \u00fcberpr\u00fcfen, ob die Benutzer \u00fcber die erforderliche Berechtigung verf\u00fcgen, damit der Dienst ihre Anfragen bearbeiten kann.<br \/>\nAb dem Datum, an dem diese Richtlinie in Kraft tritt, verwenden wir Google Analytics.<br \/>\nWenn Sie mehr \u00fcber die <a href=\"http:\/\/www.google.com\/intl\/en\/policies\/\" target=\"_blank\" rel=\"noopener\">Datenschutzrichtlinien von Google Analytics<\/a> erfahren m\u00f6chten <a href=\"http:\/\/www.google.com\/intl\/en\/policies\/\" target=\"_blank\" rel=\"noopener\">, klicken Sie hier<\/a>, und wenn Sie wissen m\u00f6chten, wie Sie <a href=\"https:\/\/tools.google.com\/dlpage\/gaoptout?hl=en\" target=\"_blank\" rel=\"noopener\">sich von diesem Dienst abmelden k\u00f6nnen, klicken Sie hier.<\/a>    <\/p>\n<h2>3. Informationsaustausch und Offenlegung<\/h2>\n<p class=\"long\">Ihre Nutzung.<br \/>\nWir werden Ihre pers\u00f6nlichen Daten auf Ihrer Profilseite und an anderen Stellen des Dienstes entsprechend den von Ihnen in Ihrem Konto festgelegten Einstellungen anzeigen.<br \/>\nAlle Informationen, die Sie zur Verf\u00fcgung stellen, sollten widerspiegeln, wie viel Sie m\u00f6chten, dass andere \u00fcber Sie wissen.<br \/>\nBitte \u00fcberlegen Sie sorgf\u00e4ltig, welche Informationen Sie auf Ihrer Profilseite preisgeben m\u00f6chten und welchen Grad an Anonymit\u00e4t Sie w\u00fcnschen.<br \/>\nSie k\u00f6nnen Ihre Profilinformationen jederzeit \u00fcberpr\u00fcfen und \u00fcberarbeiten.<br \/>\nWir verkaufen Ihre pers\u00f6nlichen Daten nicht an Dritte.<br \/>\nWir k\u00f6nnen Ihre Daten auch mit Ihrem Einverst\u00e4ndnis weitergeben oder offenlegen, z.B. wenn Sie eine Anwendung eines Dritten f\u00fcr den Zugriff auf Ihr Konto verwenden (siehe unten).<br \/>\nSie haben auch die M\u00f6glichkeit, einige Ihrer Informationen \u00fcber bestimmte Funktionen des Dienstes zu ver\u00f6ffentlichen.<br \/>\n\u00d6ffentliche Informationen k\u00f6nnen weit und schnell verbreitet werden.        <\/p>\n<p class=\"long\">Dienstanbieter, Gesch\u00e4ftspartner und andere.<br \/>\nWir k\u00f6nnen bestimmte vertrauensw\u00fcrdige Drittunternehmen und Einzelpersonen einsetzen, um uns bei der Bereitstellung, Analyse und Verbesserung des Dienstes zu helfen (einschlie\u00dflich, aber nicht beschr\u00e4nkt auf Datenspeicherung, Wartungsdienste, Datenbankmanagement, Webanalyse, Zahlungsabwicklung und Verbesserung der Funktionen des Dienstes).<br \/>\nDiese Dritten haben nur zum Zweck der Durchf\u00fchrung dieser Aufgaben in unserem Namen und unter \u00e4hnlichen Verpflichtungen wie in dieser Datenschutzrichtlinie Zugang zu Ihren Daten.<br \/>\nWir verwenden den S3-Speicherdienst von Amazon, um einige Ihrer Informationen (z. B. Ihre Dateien) ab dem Datum des Inkrafttretens dieser Richtlinie zu speichern.<br \/>\nWeitere Informationen \u00fcber die <a href=\"http:\/\/aws.amazon.com\/articles\/1697\" target=\"_blank\" rel=\"noopener\">Datensicherheit bei Amazon<\/a> finden Sie <a href=\"http:\/\/aws.amazon.com\/articles\/1697\" target=\"_blank\" rel=\"noopener\">auf der S3-Website.<\/a>    <\/p>\n<p class=\"long\">Anwendungen von Drittanbietern.<br \/>\nWir k\u00f6nnen Ihre Daten mit Ihrer Zustimmung an eine Drittanwendung weitergeben, z. B. wenn Sie sich daf\u00fcr entscheiden, \u00fcber eine solche Anwendung auf unsere Dienste zuzugreifen.<br \/>\nWir sind nicht daf\u00fcr verantwortlich, was diese Parteien mit Ihren Daten machen. Sie sollten also sicherstellen, dass Sie der Anwendung vertrauen und dass sie eine f\u00fcr Sie akzeptable Datenschutzrichtlinie hat.  <\/p>\n<p class=\"long\">Einhaltung von Gesetzen und Anfragen der Strafverfolgungsbeh\u00f6rden; Schutz der Rechte von Till Always.<br \/>\nWir k\u00f6nnen Dateien, die in Ihrem Till Always gespeichert sind, und Informationen \u00fcber Sie, die wir sammeln, an Parteien au\u00dferhalb von Till Always weitergeben, wenn wir guten Grund zu der Annahme haben, dass die Weitergabe vern\u00fcnftigerweise notwendig ist, um<br \/>\n(a) einem Gesetz, einer Vorschrift oder einer zwingenden gesetzlichen Aufforderung nachzukommen;<br \/>\n(b) die Sicherheit einer Person vor Tod oder schwerer K\u00f6rperverletzung zu sch\u00fctzen;<br \/>\n(c) um Betrug oder Missbrauch von Till Always oder seinen Nutzern zu verhindern; oder<br \/>\n(d) zum Schutz der Eigentumsrechte von Till Always.<br \/>\nWenn wir Ihre Till Always-Dateien wie oben beschrieben an eine Strafverfolgungsbeh\u00f6rde weitergeben, werden wir die Verschl\u00fcsselung von Till Always aus den Dateien entfernen, bevor wir sie an die Strafverfolgungsbeh\u00f6rde weitergeben.<br \/>\nTill Always wird jedoch nicht in der Lage sein, Dateien zu entschl\u00fcsseln, die Sie verschl\u00fcsselt haben, bevor Sie sie auf Till Always gespeichert haben.       <\/p>\n<p class=\"long\">Unternehmens\u00fcbertragungen.<br \/>\nWenn wir an einer Fusion, einer \u00dcbernahme oder einem Verkauf aller oder eines Teils unserer Verm\u00f6genswerte beteiligt sind, k\u00f6nnen Ihre Daten als Teil dieser Transaktion \u00fcbertragen werden. Wir werden Sie jedoch (z. B. per E-Mail und\/oder durch einen auff\u00e4lligen Hinweis auf unserer Website) \u00fcber jede \u00c4nderung der Kontrolle oder der Verwendung Ihrer pers\u00f6nlichen Daten oder Dateien informieren, oder wenn diese einer anderen Datenschutzrichtlinie unterliegen.<br \/>\nWir werden Sie auch dar\u00fcber informieren, welche Wahlm\u00f6glichkeiten Sie in Bezug auf diese Informationen haben.  <\/p>\n<p class=\"long\">Nicht-private oder nicht-pers\u00f6nliche Informationen.<br \/>\nWir k\u00f6nnen Ihre nicht-privaten, zusammengefassten oder anderweitig nicht-pers\u00f6nlichen Informationen, wie z.B. Nutzungsstatistiken unseres Dienstes, offenlegen. <\/p>\n<h2>4. \u00c4ndern oder L\u00f6schen Ihrer Informationen<\/h2>\n<p class=\"long\">Wenn Sie ein registrierter Benutzer sind, k\u00f6nnen Sie die in Ihrer Registrierung oder Ihrem Kontoprofil angegebenen pers\u00f6nlichen Daten \u00fcberpr\u00fcfen, aktualisieren, korrigieren oder l\u00f6schen, indem Sie Ihre &#8222;Kontoeinstellungen&#8220; \u00e4ndern.<br \/>\nWenn sich Ihre pers\u00f6nlichen Daten \u00e4ndern, k\u00f6nnen Sie sie aktualisieren, indem Sie die \u00c4nderung in Ihren Kontoeinstellungen vornehmen.<br \/>\nWenn Sie unseren Service nicht mehr nutzen m\u00f6chten, k\u00f6nnen Sie eine E-Mail an info@Till Always.com mit der Bitte senden, Ihr Konto zu l\u00f6schen.<br \/>\nNach der L\u00f6schung erhalten Sie von unserem Back-Off eine E-Mail, um die L\u00f6schung Ihres Kontos zu best\u00e4tigen.<br \/>\nIn einigen F\u00e4llen k\u00f6nnen wir Kopien Ihrer Daten aufbewahren, wenn dies gesetzlich vorgeschrieben ist.<br \/>\nWenn Sie Fragen zu Ihren pers\u00f6nlichen Daten in unserem Service haben, wenden Sie sich bitte an info@Till Always.com.<br \/>\nWir werden Ihre Anfrage innerhalb von 30 Tagen beantworten.      <\/p>\n<h2>5. Aufbewahrung von Daten<\/h2>\n<p class=\"long\">Wir werden Ihre Daten so lange aufbewahren, wie Sie Ihr Konto nicht k\u00fcndigen oder uns auffordern, Ihre Daten nicht mehr f\u00fcr die Bereitstellung von Dienstleistungen zu verwenden.<br \/>\nWir k\u00f6nnen Ihre Daten aufbewahren und verwenden, wenn dies erforderlich ist, um unseren rechtlichen Verpflichtungen nachzukommen, Streitigkeiten beizulegen und unsere Vereinbarungen durchzusetzen.<br \/>\nIn \u00dcbereinstimmung mit diesen Anforderungen werden wir versuchen, Ihre Daten auf Anfrage schnell zu l\u00f6schen.<br \/>\nBitte beachten Sie jedoch, dass es zu einer Verz\u00f6gerung bei der L\u00f6schung der Daten von unseren Servern kommen kann und dass nach der L\u00f6schung m\u00f6glicherweise noch Sicherungskopien vorhanden sind.   <\/p>\n<h2>6. F\u00fcr immer Gemeinschaft<\/h2>\n<p class=\"long\">Unser Service bietet \u00f6ffentlich zug\u00e4ngliche Community-Dienste wie Blogs, Foren und Wikis.<br \/>\nSie sollten sich dar\u00fcber im Klaren sein, dass alle Informationen, die Sie in diesen Bereichen zur Verf\u00fcgung stellen, von anderen, die auf diese Bereiche zugreifen, gelesen, gesammelt und verwendet werden k\u00f6nnen.<br \/>\nIhre Beitr\u00e4ge bleiben m\u00f6glicherweise erhalten, auch nachdem Sie Ihr Konto gel\u00f6scht haben.<br \/>\nBei Fragen zu Ihren pers\u00f6nlichen Daten in unserem Service wenden Sie sich bitte an privacy@tillalways.com.   <\/p>\n<p class=\"long\">Unsere Website enth\u00e4lt Links zu anderen Websites, deren Datenschutzpraktiken von denen von Till Always abweichen k\u00f6nnen.<br \/>\nWenn Sie pers\u00f6nliche Daten an eine dieser Websites \u00fcbermitteln, unterliegen Ihre Daten den dortigen Datenschutzbestimmungen.<br \/>\nWir empfehlen Ihnen, die Datenschutzerkl\u00e4rung jeder Website, die Sie besuchen, sorgf\u00e4ltig zu lesen.  <\/p>\n<h2>7. Sicherheit<\/h2>\n<p class=\"long\">Die Sicherheit Ihrer Daten ist f\u00fcr uns wichtig.<br \/>\nWenn Sie in unseren Bestellformularen sensible Daten (wie z.B. eine Kreditkartennummer) eingeben, verschl\u00fcsseln wir die \u00dcbertragung dieser Daten mit der Secure Socket Layer-Technologie (SSL). <\/p>\n<p class=\"long\">Wir halten uns an allgemein anerkannte Standards, um die uns \u00fcbermittelten Informationen zu sch\u00fctzen, sowohl w\u00e4hrend der \u00dcbertragung als auch nachdem wir sie erhalten haben.<br \/>\nAllerdings ist keine Methode der elektronischen \u00dcbertragung oder Speicherung zu 100% sicher.<br \/>\nWir k\u00f6nnen daher keine absolute Sicherheit garantieren.  <\/p>\n<h2>8. \u00c4nderungen unserer Datenschutzrichtlinien<\/h2>\n<p class=\"long\">Diese Datenschutzrichtlinie kann sich von Zeit zu Zeit \u00e4ndern.<br \/>\nWir werden Sie benachrichtigen (z.B. per E-Mail), wenn wir eine \u00c4nderung an dieser Datenschutzrichtlinie vornehmen, von der wir glauben, dass sie Ihre Rechte wesentlich einschr\u00e4nkt.<br \/>\nUnd wir k\u00f6nnen Sie auch unter anderen Umst\u00e4nden \u00fcber \u00c4nderungen informieren.<br \/>\nSie erkl\u00e4ren sich mit der ge\u00e4nderten Datenschutzrichtlinie einverstanden, wenn Sie den Service nach Inkrafttreten der \u00c4nderungen weiter nutzen.   <\/p>\n\t\t\t\t\t\t<\/div>\n\t\t\t\t<\/div>\n\t\t\t\t\t<\/div>\n\t\t\t\t<\/div>\n\t\t\t\t\t<\/div>\n\t\t\t\t<\/div>\n\t\t\t\t<\/div>\n\t\t","protected":false},"excerpt":{"rendered":"<p>Datenschutz Zuletzt ge\u00e4ndert: Juni 11, 2024 Diese Datenschutzrichtlinie beschreibt unsere Richtlinien und Verfahren zur Erfassung, Verwendung und Offenlegung Ihrer Daten. Nutzer k\u00f6nnen \u00fcber unsere Website www.Till Always.com, Anwendungen auf Ger\u00e4ten, \u00fcber APIs und \u00fcber Dritte auf den Till Always Service (den &#8222;Service&#8220;) zugreifen. Ein &#8222;Ger\u00e4t&#8220; ist jeder Computer, der f\u00fcr den Zugriff auf den Till [&hellip;]<\/p>\n","protected":false},"author":1,"featured_media":0,"parent":0,"menu_order":0,"comment_status":"closed","ping_status":"closed","template":"","meta":{"footnotes":""},"class_list":["post-35119","page","type-page","status-publish","hentry"],"_links":{"self":[{"href":"https:\/\/tillalways.com\/de\/wp-json\/wp\/v2\/pages\/35119","targetHints":{"allow":["GET"]}}],"collection":[{"href":"https:\/\/tillalways.com\/de\/wp-json\/wp\/v2\/pages"}],"about":[{"href":"https:\/\/tillalways.com\/de\/wp-json\/wp\/v2\/types\/page"}],"author":[{"embeddable":true,"href":"https:\/\/tillalways.com\/de\/wp-json\/wp\/v2\/users\/1"}],"replies":[{"embeddable":true,"href":"https:\/\/tillalways.com\/de\/wp-json\/wp\/v2\/comments?post=35119"}],"version-history":[{"count":0,"href":"https:\/\/tillalways.com\/de\/wp-json\/wp\/v2\/pages\/35119\/revisions"}],"wp:attachment":[{"href":"https:\/\/tillalways.com\/de\/wp-json\/wp\/v2\/media?parent=35119"}],"curies":[{"name":"wp","href":"https:\/\/api.w.org\/{rel}","templated":true}]}}