{"id":35093,"date":"2024-02-24T16:47:55","date_gmt":"2024-02-24T16:47:55","guid":{"rendered":"https:\/\/tillalways.com\/bedingungen-und-konditionen\/"},"modified":"2024-08-06T17:02:24","modified_gmt":"2024-08-06T17:02:24","slug":"bedingungen-und-konditionen","status":"publish","type":"page","link":"https:\/\/tillalways.com\/de\/bedingungen-und-konditionen\/","title":{"rendered":"Bedingungen und Konditionen"},"content":{"rendered":"\t\t<div data-elementor-type=\"wp-page\" data-elementor-id=\"35093\" class=\"elementor elementor-35093 elementor-92\">\n\t\t\t\t<div class=\"elementor-element elementor-element-b3b8169 e-flex e-con-boxed e-con e-parent\" data-id=\"b3b8169\" data-element_type=\"container\">\n\t\t\t\t\t<div class=\"e-con-inner\">\n\t\t<div class=\"elementor-element elementor-element-9438519 e-flex e-con-boxed e-con e-child\" data-id=\"9438519\" data-element_type=\"container\">\n\t\t\t\t\t<div class=\"e-con-inner\">\n\t\t\t\t<div class=\"elementor-element elementor-element-3c786a4 elementor-widget elementor-widget-heading\" data-id=\"3c786a4\" data-element_type=\"widget\" data-widget_type=\"heading.default\">\n\t\t\t\t<div class=\"elementor-widget-container\">\n\t\t\t<h1 class=\"elementor-heading-title elementor-size-default\">Bedingungen und Konditionen<\/h1>\t\t<\/div>\n\t\t\t\t<\/div>\n\t\t\t\t<div class=\"elementor-element elementor-element-0288cae elementor-widget elementor-widget-text-editor\" data-id=\"0288cae\" data-element_type=\"widget\" data-widget_type=\"text-editor.default\">\n\t\t\t\t<div class=\"elementor-widget-container\">\n\t\t\t\t\t\t\t<p class=\"long\">Zuletzt ge\u00e4ndert: Juni 11, 2024<\/p>\n<p class=\"long\">Till Always ist eine Plattform, die Erinnerungen an Ihre Liebsten oder an Sie selbst bewahrt.<br \/>\nVielen Dank, dass Sie Till Always nutzen und besuchen.<br \/>\nDiese Nutzungsbedingungen (die &#8222;Bedingungen&#8220;) regeln Ihren Zugang zu und Ihre Nutzung der Websites und Dienste von Till Always (&#8222;wir&#8220; oder &#8222;unser&#8220;) (die &#8222;Dienste&#8220;). Bitte lesen Sie sie sorgf\u00e4ltig, bevor Sie die Dienste nutzen oder unsere Plattform besuchen.  <\/p>\n<p class=\"long\">Durch die Nutzung der Dienste oder den Besuch unserer Plattform erkl\u00e4ren Sie sich mit diesen Bedingungen einverstanden.<br \/>\nWenn Sie die Dienste im Namen einer Organisation nutzen, stimmen Sie diesen Bedingungen im Namen dieser Organisation zu und versprechen, dass Sie die Befugnis haben, diese Organisation an diese Bedingungen zu binden.<br \/>\nIn diesem Fall beziehen sich die Begriffe &#8222;Sie&#8220; und &#8222;Ihr&#8220; auf diese Organisation.  <\/p>\n<p class=\"long\">Sie d\u00fcrfen die Dienste nur in \u00dcbereinstimmung mit diesen Bedingungen nutzen.<br \/>\nSie d\u00fcrfen die Dienste nur nutzen, wenn Sie die Befugnis haben, einen Vertrag mit Till Always abzuschlie\u00dfen und Ihnen dies nicht durch geltende Gesetze untersagt ist.<br \/>\nDie Dienste k\u00f6nnen sich im Laufe der Zeit weiter ver\u00e4ndern, da wir sie verfeinern und weitere Funktionen hinzuf\u00fcgen.<br \/>\nWir k\u00f6nnen die Dienste jederzeit und ohne vorherige Ank\u00fcndigung \u00e4ndern.<br \/>\nWir k\u00f6nnen auch nach eigenem Ermessen Inhalte aus unseren Diensten entfernen.    <\/p>\n<h2>Ihre Daten &amp; Ihre Privatsph\u00e4re<\/h2>\n<p class=\"long\">Die Nutzung unserer Dienste bedeutet, dass Sie uns Informationen und Dateien, Bilder, Videos, &#8230; zur Verf\u00fcgung stellen, die Sie an Till Always \u00fcbermitteln (zusammen &#8222;Ihre Daten&#8220;).<br \/>\nSie behalten das volle Eigentum an Ihren Daten.<br \/>\nWir erheben keinen Anspruch auf das Eigentum an diesen Daten.<br \/>\nDiese Bedingungen gew\u00e4hren uns keine Rechte an Ihren Daten oder geistigem Eigentum, mit Ausnahme der begrenzten Rechte, die f\u00fcr den Betrieb der Dienste erforderlich sind, wie unten erl\u00e4utert.   <\/p>\n<p class=\"long\">Wir ben\u00f6tigen m\u00f6glicherweise Ihre Erlaubnis, um Dinge zu tun, um die Sie uns gebeten haben, z. B. Ihre Daten zu hosten oder sie auf Ihre Anweisung hin weiterzugeben.<br \/>\nDazu geh\u00f6ren f\u00fcr Sie sichtbare Produktfunktionen, z. B. Bildminiaturen oder Dokumentenvorschauen.<br \/>\nDazu geh\u00f6ren auch Design-Entscheidungen, die wir treffen, um unsere Dienste technisch zu verwalten, z.B. wie wir Daten redundant sichern, um sie sicher zu halten.<br \/>\nSie erteilen uns die Berechtigungen, die wir ben\u00f6tigen, um diese Dinge ausschlie\u00dflich zur Bereitstellung der Dienste zu tun.<br \/>\nDiese Erlaubnis erstreckt sich auch auf vertrauensw\u00fcrdige Dritte, mit denen wir bei der Bereitstellung der Dienste zusammenarbeiten, z. B. Amazon, das unseren Speicherplatz zur Verf\u00fcgung stellt (auch hier nur zur Bereitstellung der Dienste).    <\/p>\n<p class=\"long\">Sie sind allein verantwortlich f\u00fcr Ihr Verhalten, den Inhalt Ihrer Daten und Ihre Kommunikation mit anderen, w\u00e4hrend Sie die Services nutzen.<br \/>\nSo sind Sie beispielsweise daf\u00fcr verantwortlich, dass Sie \u00fcber die erforderlichen Rechte oder Genehmigungen verf\u00fcgen, um diese Bedingungen einzuhalten. <\/p>\n<p class=\"long\">Wir k\u00f6nnen \u00f6ffentliche Inhalte auf die Einhaltung unserer Community-Richtlinien \u00fcberpr\u00fcfen, aber Sie erkennen an, dass Till Always nicht verpflichtet ist, Informationen in den Diensten zu \u00fcberwachen.<br \/>\nWir sind nicht verantwortlich f\u00fcr die Richtigkeit, Vollst\u00e4ndigkeit, Angemessenheit oder Rechtm\u00e4\u00dfigkeit von Dateien, Benutzerbeitr\u00e4gen, Bildern, Beileidsbekundungen oder anderen Informationen, auf die Sie \u00fcber die Dienste zugreifen k\u00f6nnen. <\/p>\n<h2>Teilen Sie Ihre Daten<\/h2>\n<p class=\"long\">Die Dienste bieten Funktionen, die es Ihnen erm\u00f6glichen, Ihre Daten mit anderen zu teilen oder sie zu ver\u00f6ffentlichen.<br \/>\nEs gibt viele Dinge, die Nutzer mit diesen Daten tun k\u00f6nnen (z.B. sie kopieren, ver\u00e4ndern oder weitergeben).<br \/>\nBitte \u00fcberlegen Sie sorgf\u00e4ltig, was Sie weitergeben oder ver\u00f6ffentlichen m\u00f6chten.<br \/>\nTill Always \u00fcbernimmt keine Verantwortung f\u00fcr diese Aktivit\u00e4ten.   <\/p>\n<h2>Ihre Verantwortlichkeiten<\/h2>\n<p class=\"long\">Dateien und andere Inhalte in den Services k\u00f6nnen durch geistige Eigentumsrechte anderer gesch\u00fctzt sein, oder Sie ben\u00f6tigen die Erlaubnis Ihrer Familie oder Verwandten, um sie zu verwenden oder zu ver\u00f6ffentlichen.<br \/>\nBitte kopieren, laden, downloaden oder teilen Sie keine Dateien, wenn Sie nicht das Recht dazu haben.<br \/>\nSie, und nicht Till Always, sind voll verantwortlich und haftbar f\u00fcr das, was Sie w\u00e4hrend der Nutzung der Dienste kopieren, weitergeben, hochladen, herunterladen oder anderweitig verwenden.<br \/>\nSie d\u00fcrfen keine Spyware oder andere b\u00f6sartige Software auf den Dienst hochladen.   <\/p>\n<p class=\"long\">Sie, und nicht Till Always, sind f\u00fcr die Pflege und den Schutz all Ihrer Daten verantwortlich.<br \/>\nTill Always haftet nicht f\u00fcr den Verlust oder die Besch\u00e4digung Ihrer Daten oder f\u00fcr Kosten oder Ausgaben im Zusammenhang mit der Sicherung oder Wiederherstellung Ihrer Daten. <\/p>\n<p class=\"long\">Wenn sich Ihre Kontaktinformationen oder andere Informationen in Bezug auf Ihr Konto \u00e4ndern, m\u00fcssen Sie uns dies unverz\u00fcglich mitteilen und Ihre Informationen auf dem neuesten Stand halten.<br \/>\nDie Dienste sind nicht f\u00fcr die Nutzung durch Sie bestimmt, wenn Sie unter 14 Jahre alt sind.<br \/>\nIndem Sie diesen Bedingungen zustimmen, best\u00e4tigen Sie, dass Sie \u00fcber 14 Jahre alt sind.  <\/p>\n<h2>Konto Sicherheit<\/h2>\n<p class=\"long\">Sie sind f\u00fcr den Schutz des Passworts verantwortlich, das Sie f\u00fcr den Zugang zu den Diensten verwenden, und Sie verpflichten sich, Ihr Passwort nicht an Dritte weiterzugeben.<br \/>\nSie sind f\u00fcr alle Aktivit\u00e4ten verantwortlich, die Sie \u00fcber Ihr Konto durchf\u00fchren, unabh\u00e4ngig davon, ob Sie diese Aktivit\u00e4ten genehmigt haben oder nicht.<br \/>\nSie sollten Till Always unverz\u00fcglich \u00fcber jede unbefugte Nutzung Ihres Kontos informieren.<br \/>\nSie erkennen an, dass es in Ihrer Verantwortung liegt, eine sichere verschl\u00fcsselte Verbindung f\u00fcr die Kommunikation mit den Diensten zu verwenden, wenn Sie Ihre \u00dcbermittlung von Daten oder Dateien an Till Always sch\u00fctzen m\u00f6chten.   <\/p>\n<h2>Bis immer Eigentum und Feedback<\/h2>\n<p class=\"long\">Diese Bedingungen gew\u00e4hren Ihnen keine Rechte, Anspr\u00fcche oder Interessen an den Diensten, der Software oder den Inhalten der Dienste.<br \/>\nWir freuen uns zwar \u00fcber das Feedback von Benutzern, aber bitte beachten Sie, dass wir alle R\u00fcckmeldungen, Kommentare oder Vorschl\u00e4ge, die Sie uns senden oder in unseren Foren ver\u00f6ffentlichen, ohne jegliche Verpflichtung Ihnen gegen\u00fcber verwenden k\u00f6nnen.<br \/>\nDie Software und andere Technologien, die wir zur Bereitstellung der Dienste verwenden, sind durch Urheberrechte, Markenrechte und andere Gesetze gesch\u00fctzt.<br \/>\nDiese Bedingungen gew\u00e4hren Ihnen keine Rechte zur Nutzung der Till Always Marken, Logos, Domainnamen oder anderer Markenmerkmale.   <\/p>\n<h2>Richtlinie zur akzeptablen Nutzung<\/h2>\n<p class=\"long\">Sie werden die Dienste nicht missbr\u00e4uchlich nutzen und dies auch nicht versuchen. Sie werden die Dienste nur in \u00dcbereinstimmung mit der Till Always Acceptable Use Policy nutzen:<\/p>\n<ul class=\"long\">\n<li>die Anf\u00e4lligkeit eines Systems oder Netzwerks zu untersuchen, zu scannen oder zu testen;<\/li>\n<li>Sicherheits- oder Authentifizierungsma\u00dfnahmen zu verletzen oder anderweitig zu umgehen;<\/li>\n<li>auf nicht-\u00f6ffentliche Bereiche des Dienstes, auf gemeinsam genutzte Bereiche des Dienstes, zu denen Sie nicht eingeladen wurden, oder auf die Computersysteme von Till Always (oder unseren Dienstleistern) zuzugreifen, diese zu manipulieren oder zu nutzen;<\/li>\n<li>Benutzer, Hosts oder Netzwerke zu st\u00f6ren oder zu unterbrechen, z.B. durch das Versenden eines Virus, \u00dcberlastung, \u00dcberflutung, Spamming oder Mailbombing eines Teils der Dienste;<\/li>\n<li>Malware einzuschleusen oder die Dienste anderweitig zur Verbreitung von Malware zu nutzen;<\/li>\n<li>auf die Dienste mit anderen Mitteln als unseren \u00f6ffentlich unterst\u00fctzten Schnittstellen zuzugreifen oder sie zu durchsuchen (z. B. &#8222;Scraping&#8220;);<\/li>\n<li>unaufgeforderte Mitteilungen, Promotionen oder Werbung oder Spam zu versenden;<\/li>\n<li>ge\u00e4nderte, tr\u00fcgerische oder falsche Informationen zur Identifizierung der Quelle zu senden, einschlie\u00dflich &#8222;Spoofing&#8220; oder &#8222;Phishing&#8220;;<\/li>\n<li>etwas zu ver\u00f6ffentlichen, das betr\u00fcgerisch oder irref\u00fchrend ist oder die Rechte eines anderen verletzt;<\/li>\n<li>andere als Ihre eigenen Produkte oder Dienstleistungen ohne entsprechende Genehmigung zu bewerben oder zu bewerben;<\/li>\n<li>sich als eine nat\u00fcrliche oder juristische Person auszugeben oder Ihre Zugeh\u00f6rigkeit zu einer solchen falsch darzustellen;<\/li>\n<li>missbrauchen Till Always-Empfehlungen, um mehr Anerkennung f\u00fcr Empfehlungen zu erhalten, als sie verdienen;<\/li>\n<li>Materialien zu ver\u00f6ffentlichen oder weiterzugeben, die rechtswidrig pornografisch oder unanst\u00e4ndig sind, oder die Bigotterie, religi\u00f6sen, rassistischen oder ethnischen Hass bef\u00fcrworten;<\/li>\n<li>in irgendeiner Weise gegen das Gesetz zu versto\u00dfen, die Privatsph\u00e4re anderer zu verletzen oder andere zu diffamieren.<\/li>\n<li>sch\u00e4dliche oder unangemessene oder ungesetzliche Inhalte als Profil, Erinnerung oder Beileid zu ver\u00f6ffentlichen<\/li>\n<li>falsche oder gef\u00e4lschte Informationen ver\u00f6ffentlichen<\/li>\n<li>Informationen oder Daten zu ver\u00f6ffentlichen, die ungesetzlich sind oder gegen die Gesetzgebung versto\u00dfen<\/li>\n<\/ul>\n<h2>Copyright<\/h2>\n<p class=\"long\">Till Always respektiert das geistige Eigentum anderer und bittet Sie, dies ebenfalls zu tun.<br \/>\nWir werden auf Hinweise auf angebliche Urheberrechtsverletzungen reagieren, wenn sie dem Gesetz entsprechen und ordnungsgem\u00e4\u00df an uns gesendet werden.<br \/>\nWir behalten uns das Recht vor, mutma\u00dflich verletzende Inhalte zu l\u00f6schen oder zu deaktivieren und Wiederholungst\u00e4ter zu sperren.<br \/>\nUnser benannter Ansprechpartner f\u00fcr die Meldung einer mutma\u00dflichen Urheberrechtsverletzung in den Diensten ist: Till Always bvba info@Till Always.com.<br \/>\nSie k\u00f6nnen einen Versto\u00df gegen das Urheberrecht melden, indem Sie eine E-Mail mit dem Betreff &#8222;Versto\u00df&#8220; an info@tillalways.com senden. Sie erhalten dann unsere kurzen Anweisungen f\u00fcr die Meldung.    <\/p>\n<h2>Andere Inhalte<\/h2>\n<p class=\"long\">Die Dienste k\u00f6nnen Links zu Websites oder Ressourcen von Dritten enthalten.<br \/>\nTill Always billigt diese nicht und ist nicht verantwortlich oder haftbar f\u00fcr deren Verf\u00fcgbarkeit, Genauigkeit, zugeh\u00f6rige Inhalte, Produkte oder Dienste.<br \/>\nSie sind allein f\u00fcr die Nutzung solcher Websites oder Ressourcen verantwortlich.<br \/>\nWenn wir Ihnen Software unter einer Open-Source-Lizenz zur Verf\u00fcgung stellen, k\u00f6nnen diese Lizenzen Bestimmungen enthalten, die in ausdr\u00fccklichem Widerspruch zu diesen Bedingungen stehen; in diesem Fall gelten die Open-Source-Bestimmungen.   <\/p>\n<h2>Terminierung<\/h2>\n<p class=\"long\">Wir behalten uns das Recht vor, die Dienste jederzeit auszusetzen oder zu beenden, mit oder ohne Grund und mit oder ohne Vorank\u00fcndigung.<br \/>\nWir k\u00f6nnen beispielsweise Ihre Nutzung aussetzen oder beenden, wenn Sie diese Bedingungen nicht einhalten oder wenn Sie die Dienste in einer Weise nutzen, die uns rechtlich haftbar machen oder die Nutzung der Dienste durch andere Personen st\u00f6ren k\u00f6nnte.<br \/>\nWenn wir Ihre Nutzung aussetzen oder beenden, werden wir versuchen, Sie im Voraus dar\u00fcber zu informieren und Ihnen bei der Wiederherstellung der Daten zu helfen. Es kann jedoch F\u00e4lle geben (z. B. wiederholte oder flagrante Verst\u00f6\u00dfe gegen diese Bedingungen, eine gerichtliche Anordnung oder eine Gefahr f\u00fcr andere Nutzer), in denen wir die Nutzung mit sofortiger Wirkung aussetzen k\u00f6nnen.  <\/p>\n<h2>Bis immer ist verf\u00fcgbar &#8222;AS-IS&#8220;<\/h2>\n<p class=\"long\">Auch wenn wir einen gro\u00dfartigen Service bieten m\u00f6chten, k\u00f6nnen wir bestimmte Dinge nicht garantieren.<br \/>\nZum Beispiel werden die Dienste und die Software ohne M\u00e4ngelgew\u00e4hr und auf Ihr eigenes Risiko bereitgestellt, und zwar OHNE AUSDR\u00dcCKLICHE ODER STILLSCHWEIGENDE GARANTIE ODER BEDINGUNGEN JEGLICHER ART.<br \/>\nWIR LEHNEN AUCH JEGLICHE GEW\u00c4HRLEISTUNG DER MARKTG\u00c4NGIGKEIT, DER EIGNUNG F\u00dcR EINEN BESTIMMTEN ZWECK ODER DER NICHTVERLETZUNG VON RECHTEN AB.<br \/>\nTill Always \u00fcbernimmt keine Verantwortung f\u00fcr Sch\u00e4den an Ihrem Computersystem, f\u00fcr den Verlust oder die Besch\u00e4digung von Daten oder f\u00fcr andere Sch\u00e4den, die sich aus Ihrem Zugriff auf die Dienste oder die Software oder deren Nutzung ergeben.   <\/p>\n<h2>Preisgestaltung und Bedingungen<\/h2>\n<p class=\"long\">Till Always bietet Ihnen die M\u00f6glichkeit, die Plattform drei Monate lang kostenlos zu testen.<br \/>\nDurch eine einmalige Zahlung von 60 Euro wird die Nutzung unseres Till Always-Dienstes nach dieser Testphase verl\u00e4ngert.<br \/>\nTill Always akzeptiert Kreditkarten und wird Ihre Kreditkarte nach dem dreimonatigen Testzeitraum automatisch mit 60 Euro belasten.<br \/>\nSie k\u00f6nnen Ihre Zahlung w\u00e4hrend des Testzeitraums stornieren, aber damit endet der Till Always Service f\u00fcr Ihre Daten.<br \/>\nJedes Profil unterliegt den auf der Plattform beschriebenen Speicherbeschr\u00e4nkungen.<br \/>\nAktionsgutscheincodes k\u00f6nnen verwendet werden.<br \/>\nAlle Geb\u00fchren und Kosten sind nicht erstattungsf\u00e4hig und es gibt keine R\u00fcckerstattung oder Gutschrift.      <\/p>\n<h2>Einschr\u00e4nkung der Haftung<\/h2>\n<p class=\"long\">IN DEM VOLLST\u00c4NDIGEN UMFANG, DER GESETZLICH ZUL\u00c4SSIG IST, \u00dcBERNIMMEN Till Always, SEINE PARTNER, F\u00dcHRUNGSKR\u00c4FTE, MITARBEITER, AGENTEN, LIEFERANTEN ODER LIZENZGEBER KEINE HAFTUNG F\u00dcR<br \/>\n(A) JEGLICHE INDIREKTEN, SPEZIELLEN, ZUF\u00c4LLIGEN, STRAFRECHTLICHEN, EXEMPLARISCHEN ODER FOLGESCH\u00c4DEN (EINSCHLIESSLICH VERLUST VON NUTZUNG, DATEN, GESCH\u00c4FTEN ODER GEWINN), UNABH\u00c4NGIG VON DER JURISTISCHEN THEORIE, UNABH\u00c4NGIG DAVON, OB Till Always AUF DIE M\u00d6GLICHKEIT SOLCHER SCH\u00c4DEN HINGEWIESEN WURDE UND SELBST WENN EINE ABHILFE IHREN WESENTLICHEN ZWECK NICHT ERF\u00dcLLT;<br \/>\n(B) DIE GESAMTHAFTUNG F\u00dcR ALLE SCHADENSERSATZANSPR\u00dcCHE IM ZUSAMMENHANG MIT DEN DIENSTLEISTUNGEN H\u00d6HER IST ALS DER GR\u00d6SSERE BETRAG VON \u20ac 20 ODER DER VON IHNEN AN Till Always F\u00dcR DIE VERGANGENEN DREI MONATE GEZAHLTE BETRAG F\u00dcR DIE DIENSTLEISTUNGEN, UM DIE ES GEHT.<br \/>\nTill Always kann nicht f\u00fcr Sch\u00e4den aufgrund h\u00f6herer Gewalt und f\u00fcr die allgemeine (vor\u00fcbergehende) St\u00f6rung des Dienstes verantwortlich gemacht werden.   <\/p>\n<h2>Modifikationen<\/h2>\n<p class=\"long\">Wir k\u00f6nnen diese Bedingungen von Zeit zu Zeit \u00fcberarbeiten und die aktuellste Version wird immer auf unserer Website ver\u00f6ffentlicht.<br \/>\nWir werden Sie benachrichtigen, wenn eine \u00dcberarbeitung nach unserem alleinigen Ermessen wesentlich ist (zum Beispiel per E-Mail an die mit Ihrem Konto verkn\u00fcpfte E-Mail-Adresse).<br \/>\nWeitere \u00c4nderungen k\u00f6nnen auf unserer Seite mit den Nutzungsbedingungen ver\u00f6ffentlicht werden, so dass Sie diese Seiten regelm\u00e4\u00dfig \u00fcberpr\u00fcfen sollten.<br \/>\nIndem Sie nach Inkrafttreten der \u00c4nderungen weiterhin auf die Dienste zugreifen oder sie nutzen, erkl\u00e4ren Sie sich mit den \u00fcberarbeiteten Bedingungen einverstanden.<br \/>\nBitte stellen Sie die Nutzung der Dienste ein, wenn Sie mit den neuen Bedingungen nicht einverstanden sind.    <\/p>\n<h2>Verschiedene Rechtsbegriffe<\/h2>\n<p class=\"long\">DIESE BEDINGUNGEN UND DIE NUTZUNG DER DIENSTE UND SOFTWARE UNTERLIEGEN DEN GERICHTEN UND DEM GESETZ VON ANTWERPEN.<br \/>\nALLE ANSPR\u00dcCHE, DIE SICH AUS ODER IM ZUSAMMENHANG MIT DIESEN BEDINGUNGEN ODER DEN DIENSTEN ODER DER SOFTWARE ERGEBEN, SIND AUSSCHLIESSLICH VOR DEN GERICHTEN VON ANTWERPEN ZU VERHANDELN. SIE ERKL\u00c4REN SICH MIT DEM GERICHTSSTAND UND DER PERS\u00d6NLICHEN ZUST\u00c4NDIGKEIT DORT EINVERSTANDEN.<br \/>\nDiese Bedingungen stellen die gesamte und ausschlie\u00dfliche Vereinbarung zwischen Ihnen und Till Always in Bezug auf die Dienste dar und ersetzen alle anderen Vereinbarungen, Bedingungen und Konditionen, die f\u00fcr die Dienste gelten.<br \/>\nDiese Bedingungen begr\u00fcnden keine Rechte von Drittbeg\u00fcnstigten.<br \/>\nDas Vers\u00e4umnis von Till Always, eine Bestimmung durchzusetzen, stellt keinen Verzicht auf sein Recht dar, dies zu einem sp\u00e4teren Zeitpunkt zu tun.<br \/>\nSollte sich eine Bestimmung als nicht durchsetzbar erweisen, bleiben die \u00fcbrigen Bestimmungen der Vereinbarung in vollem Umfang in Kraft und werden durch eine durchsetzbare Bestimmung ersetzt, die unsere Absicht so genau wie m\u00f6glich widerspiegelt.<br \/>\nSie sind nicht berechtigt, Ihre Rechte aus diesen Bedingungen abzutreten, und jeder derartige Versuch ist nichtig. Till Always ist jedoch berechtigt, seine Rechte an eine seiner verbundenen Unternehmen oder Tochtergesellschaften oder an einen Nachfolger im Interesse eines mit den Diensten verbundenen Unternehmens abzutreten.<br \/>\nTill Always und Sie sind keine juristischen Partner oder Vertreter; stattdessen ist unsere Beziehung die eines unabh\u00e4ngigen Unternehmers.       <\/p>\n\t\t\t\t\t\t<\/div>\n\t\t\t\t<\/div>\n\t\t\t\t\t<\/div>\n\t\t\t\t<\/div>\n\t\t\t\t\t<\/div>\n\t\t\t\t<\/div>\n\t\t\t\t<\/div>\n\t\t","protected":false},"excerpt":{"rendered":"<p>Bedingungen und Konditionen Zuletzt ge\u00e4ndert: Juni 11, 2024 Till Always ist eine Plattform, die Erinnerungen an Ihre Liebsten oder an Sie selbst bewahrt. Vielen Dank, dass Sie Till Always nutzen und besuchen. Diese Nutzungsbedingungen (die &#8222;Bedingungen&#8220;) regeln Ihren Zugang zu und Ihre Nutzung der Websites und Dienste von Till Always (&#8222;wir&#8220; oder &#8222;unser&#8220;) (die &#8222;Dienste&#8220;). [&hellip;]<\/p>\n","protected":false},"author":1,"featured_media":0,"parent":0,"menu_order":0,"comment_status":"closed","ping_status":"closed","template":"","meta":{"footnotes":""},"class_list":["post-35093","page","type-page","status-publish","hentry"],"_links":{"self":[{"href":"https:\/\/tillalways.com\/de\/wp-json\/wp\/v2\/pages\/35093","targetHints":{"allow":["GET"]}}],"collection":[{"href":"https:\/\/tillalways.com\/de\/wp-json\/wp\/v2\/pages"}],"about":[{"href":"https:\/\/tillalways.com\/de\/wp-json\/wp\/v2\/types\/page"}],"author":[{"embeddable":true,"href":"https:\/\/tillalways.com\/de\/wp-json\/wp\/v2\/users\/1"}],"replies":[{"embeddable":true,"href":"https:\/\/tillalways.com\/de\/wp-json\/wp\/v2\/comments?post=35093"}],"version-history":[{"count":0,"href":"https:\/\/tillalways.com\/de\/wp-json\/wp\/v2\/pages\/35093\/revisions"}],"wp:attachment":[{"href":"https:\/\/tillalways.com\/de\/wp-json\/wp\/v2\/media?parent=35093"}],"curies":[{"name":"wp","href":"https:\/\/api.w.org\/{rel}","templated":true}]}}